{"id":565,"date":"2015-01-03T23:54:57","date_gmt":"2015-01-04T04:54:57","guid":{"rendered":"http:\/\/teamsters.ca\/?page_id=565"},"modified":"2021-04-20T15:36:30","modified_gmt":"2021-04-20T19:36:30","slug":"education-et-formation","status":"publish","type":"page","link":"https:\/\/teamsters.ca\/fr\/comment-simpliquer\/education-et-formation\/","title":{"rendered":"\u00c9ducation et formation"},"content":{"rendered":"<div id=\"tdi_1\" class=\"tdc-zone\"><div class=\"tdc_zone tdi_2  wpb_row td-pb-row\"  >\n<style scoped>\n\/* custom css - generated by TagDiv Composer *\/\n\n\/* custom css - generated by TagDiv Composer *\/\n.tdi_2{\r\n                    min-height: 0;\r\n                }\n<\/style><div id=\"tdi_3\" class=\"tdc-row\"><div class=\"vc_row tdi_4  wpb_row td-pb-row\" >\n<style scoped>\n\/* custom css - generated by TagDiv Composer *\/\n\n\/* custom css - generated by TagDiv Composer *\/\n.tdi_4,\r\n                .tdi_4 .tdc-columns{\r\n                    min-height: 0;\r\n                }.tdi_4,\r\n\t\t\t\t.tdi_4 .tdc-columns{\r\n\t\t\t\t    display: block;\r\n\t\t\t\t}.tdi_4 .tdc-columns{\r\n\t\t\t\t    width: 100%;\r\n\t\t\t\t}.tdi_4:before,\r\n\t\t\t\t.tdi_4:after{\r\n\t\t\t\t    display: table;\r\n\t\t\t\t}\n<\/style><div class=\"vc_column tdi_6  wpb_column vc_column_container tdc-column td-pb-span12\">\n<style scoped>\n\/* custom css - generated by TagDiv Composer *\/\n\n\/* custom css - generated by TagDiv Composer *\/\n.tdi_6{\r\n                    vertical-align: baseline;\r\n                }.tdi_6 > .wpb_wrapper,\r\n\t\t\t\t.tdi_6 > .wpb_wrapper > .tdc-elements{\r\n\t\t\t\t    display: block;\r\n\t\t\t\t}.tdi_6 > .wpb_wrapper > .tdc-elements{\r\n\t\t\t\t    width: 100%;\r\n\t\t\t\t}.tdi_6 > .wpb_wrapper > .vc_row_inner{\r\n\t\t\t\t    width: auto;\r\n\t\t\t\t}.tdi_6 > .wpb_wrapper{\r\n\t\t\t\t    width: auto;\r\n\t\t\t\t    height: auto;\r\n\t\t\t\t}\n<\/style><div class=\"wpb_wrapper\" ><div class=\"td_block_wrap td_block_title tdi_7 td-pb-border-top td_block_template_10 td-fix-index\"  data-td-block-uid=\"tdi_7\" >\n<style>\n.td_block_template_10.widget > ul > li {\r\n                margin-left: 0 !important;\r\n            }\r\n            .td_block_template_10 .td-block-title {\r\n                font-size: 17px;\r\n                font-weight: 500;\r\n                margin-top: -10px;\r\n                margin-bottom: 24px;\r\n                line-height: 37px;\r\n                padding: 0;\r\n                position: relative;\r\n                text-align: left;\r\n            }\r\n            .td_block_template_10 .td-block-title:before {\r\n                content: '';\r\n                width: 100%;\r\n                height: 3px;\r\n                position: absolute;\r\n                top: 100%;\r\n                left: 0;\r\n                background-color: var(--td_header_color, #f5f5f5);\r\n            }\r\n            .td_block_template_10 .td-block-title > * {\r\n                color: var(--td_text_header_color, #000);\r\n            }\r\n            .td_block_template_10 .td-subcat-filter {\r\n                line-height: 37px;\r\n                display: table;\r\n            }\r\n            .td_block_template_10 .td-subcat-dropdown {\r\n                line-height: 1;\r\n                position: static;\r\n            }\r\n            .td_block_template_10 .td-subcat-dropdown .td-subcat-more {\r\n                margin-bottom: 0 !important;\r\n            }\r\n            .td_block_template_10 .td-subcat-dropdown ul:after {\r\n                height: 3px !important;\r\n            }\r\n            .td_block_template_10 .td-related-title {\r\n                margin-top: 0 !important;\r\n            }\r\n            .td_block_template_10 .td-related-title a {\r\n                margin-right: 20px;\r\n            }\r\n            @media (max-width: 767px) {\r\n                .td_block_template_10 .td-related-title a {\r\n                    font-size: 15px;\r\n                }\r\n            }\r\n            .td_block_template_10 .td-related-title .td-cur-simple-item {\r\n                color: var(--td_theme_color, #4db2ec);\r\n            }\r\n            \r\n            \r\n            \r\n            .tdi_7 .td-block-title > * {\r\n                color: #ee3a43 !important;\r\n            }\r\n\r\n            \r\n            .tdi_7 .td-block-title:before {\r\n                background-color: #ee3a43 !important;\r\n            }\n\/* inline tdc_css att - generated by TagDiv Composer *\/\n\n.tdi_7{\nmargin-top:80px !important;\nmargin-bottom:20px !important;\n}\n\n<\/style>\n<style>\n\/* custom css - generated by TagDiv Composer *\/\nbody .tdi_7 .td-block-title a,\r\n\t\t\t\tbody .tdi_7 .td-block-title span{\r\n\t\t\t\t\tfont-size:3em !important;line-height:45px !important;\r\n\t\t\t\t}\n<\/style><div class=\"td-block-title-wrap\"><h1 class=\"td-block-title\"><span class=\"td-pulldown-size\">\u00c9ducation et formation<\/span><\/h1><\/div><\/div><div class=\"td_block_wrap td_block_text_with_title tdi_8 tagdiv-type td-pb-border-top td_block_template_1\"  data-td-block-uid=\"tdi_8\" >\n<style>\n\/* custom css - generated by TagDiv Composer *\/\n.td_block_text_with_title{\r\n                  margin-bottom: 44px;\r\n                  -webkit-transform: translateZ(0);\r\n                  transform: translateZ(0);\r\n                }.td_block_text_with_title p:last-child{\r\n                  margin-bottom: 0;\r\n                }.tdi_8,\r\n                .tdi_8 p{\r\n\t\t\t        font-size:1.1em !important;\r\n\t\t        }.tdi_8 a{\r\n\t\t\t        color: #ee3a43;\r\n\t\t        }\n<\/style><div class=\"td-block-title-wrap\"><\/div><div class=\"td_mod_wrap td-fix-index\"><div class=\"td-page-header\">\n<p class=\"entry-title td-page-title\">La formation syndicale est essentielle pour assurer une repr\u00e9sentation ad\u00e9quate de nos membres, le maintien des avantages gagn\u00e9s dans les conventions collectives et l\u2019am\u00e9lioration des conditions de travail. Chaque ann\u00e9e, plusieurs s\u00e9minaires de formation sont offerts \u00e0 nos membres, \u00e0 nos d\u00e9l\u00e9gu\u00e9s, \u00e0 nos repr\u00e9sentants syndicaux et aux dirigeants de nos sections locales.\n<\/div>\n<\/div><\/div><div class=\"vc_row_inner tdi_10  vc_row vc_inner wpb_row td-pb-row\" >\n<style scoped>\n\/* custom css - generated by TagDiv Composer *\/\n\n\/* custom css - generated by TagDiv Composer *\/\n.tdi_10{\r\n                    position: relative !important;\r\n                    top: 0;\r\n                    transform: none;\r\n                    -webkit-transform: none;\r\n                }.tdi_10,\r\n\t\t\t\t.tdi_10 .tdc-inner-columns{\r\n\t\t\t\t    display: block;\r\n\t\t\t\t}.tdi_10 .tdc-inner-columns{\r\n\t\t\t\t    width: 100%;\r\n\t\t\t\t}\n<\/style><div class=\"vc_column_inner tdi_12  wpb_column vc_column_container tdc-inner-column td-pb-span6\">\n<style scoped>\n\/* custom css - generated by TagDiv Composer *\/\n\n\/* custom css - generated by TagDiv Composer *\/\n.tdi_12{\r\n                    vertical-align: baseline;\r\n                }.tdi_12 .vc_column-inner > .wpb_wrapper,\r\n\t\t\t\t.tdi_12 .vc_column-inner > .wpb_wrapper .tdc-elements{\r\n\t\t\t\t    display: block;\r\n\t\t\t\t}.tdi_12 .vc_column-inner > .wpb_wrapper .tdc-elements{\r\n\t\t\t\t    width: 100%;\r\n\t\t\t\t}\n<\/style><div class=\"vc_column-inner\"><div class=\"wpb_wrapper\" ><div class=\"td_block_wrap td_block_title tdi_13 td-pb-border-top td_block_template_10 td-fix-index\"  data-td-block-uid=\"tdi_13\" >\n<style>\n.tdi_13 .td-block-title > * {\r\n                color: #142f55 !important;\r\n            }\r\n\r\n            \r\n            .tdi_13 .td-block-title:before {\r\n                background-color: #142f55 !important;\r\n            }\n\/* inline tdc_css att - generated by TagDiv Composer *\/\n\n.tdi_13{\nmargin-bottom:20px !important;\n}\n\n<\/style>\n<style>\n\/* custom css - generated by TagDiv Composer *\/\nbody .tdi_13 .td-block-title a,\r\n\t\t\t\tbody .tdi_13 .td-block-title span{\r\n\t\t\t\t\tfont-size:1.5em !important;\r\n\t\t\t\t}\n<\/style><div class=\"td-block-title-wrap\"><h2 class=\"td-block-title\"><span class=\"td-pulldown-size\">Cours offerts<\/span><\/h2><\/div><\/div><div class=\"td_block_wrap td_block_text_with_title tdi_14 tagdiv-type td-pb-border-top td_block_template_1\"  data-td-block-uid=\"tdi_14\" >\n<style>\n\/* custom css - generated by TagDiv Composer *\/\n.tdi_14,\r\n                .tdi_14 p{\r\n\t\t\t        font-size:1.1em !important;\r\n\t\t        }.tdi_14 a{\r\n\t\t\t        color: #ee3a43;\r\n\t\t        }\n<\/style><div class=\"td-block-title-wrap\"><\/div><div class=\"td_mod_wrap td-fix-index\"><p>Notre service de formation travaille \u00e9troitement avec les f\u00e9d\u00e9rations provinciales de travailleurs et les <a title=\"Sections locales\" href=\"https:\/\/teamsters.ca\/fr\/sections-locales-old\/#!CA\">conseils conjoints et les sections locales<\/a>\u00a0pour \u00e9laborer des programmes et offrir des cours qui satisfont aux exigences du syst\u00e8me de relations de travail tr\u00e8s complexe d\u2019aujourd\u2019hui.<\/p>\n<\/div><\/div><\/div><\/div><\/div><div class=\"vc_column_inner tdi_16  wpb_column vc_column_container tdc-inner-column td-pb-span6\">\n<style scoped>\n\/* custom css - generated by TagDiv Composer *\/\n\n\/* custom css - generated by TagDiv Composer *\/\n.tdi_16{\r\n                    vertical-align: baseline;\r\n                }.tdi_16 .vc_column-inner > .wpb_wrapper,\r\n\t\t\t\t.tdi_16 .vc_column-inner > .wpb_wrapper .tdc-elements{\r\n\t\t\t\t    display: block;\r\n\t\t\t\t}.tdi_16 .vc_column-inner > .wpb_wrapper .tdc-elements{\r\n\t\t\t\t    width: 100%;\r\n\t\t\t\t}\n<\/style><div class=\"vc_column-inner\"><div class=\"wpb_wrapper\" ><div class=\"td_block_wrap td_block_title tdi_17 td-pb-border-top td_block_template_10 td-fix-index\"  data-td-block-uid=\"tdi_17\" >\n<style>\n.tdi_17 .td-block-title > * {\r\n                color: #142f55 !important;\r\n            }\r\n\r\n            \r\n            .tdi_17 .td-block-title:before {\r\n                background-color: #142f55 !important;\r\n            }\n\/* inline tdc_css att - generated by TagDiv Composer *\/\n\n.tdi_17{\nmargin-bottom:20px !important;\n}\n\n<\/style>\n<style>\n\/* custom css - generated by TagDiv Composer *\/\nbody .tdi_17 .td-block-title a,\r\n\t\t\t\tbody .tdi_17 .td-block-title span{\r\n\t\t\t\t\tfont-size:1.5em !important;\r\n\t\t\t\t}\n<\/style><div class=\"td-block-title-wrap\"><h2 class=\"td-block-title\"><span class=\"td-pulldown-size\">Inscription aux cours<\/span><\/h2><\/div><\/div><div class=\"td_block_wrap td_block_text_with_title tdi_18 tagdiv-type td-pb-border-top td_block_template_1\"  data-td-block-uid=\"tdi_18\" >\n<style>\n\/* custom css - generated by TagDiv Composer *\/\n.tdi_18,\r\n                .tdi_18 p{\r\n\t\t\t        font-size:1.1em !important;\r\n\t\t        }.tdi_18 a{\r\n\t\t\t        color: #ee3a43;\r\n\t\t        }\n<\/style><div class=\"td-block-title-wrap\"><\/div><div class=\"td_mod_wrap td-fix-index\"><p>Si vous voulez suivre un cours, communiquez avec votre\u00a0<a title=\"Sections locales\" href=\"https:\/\/teamsters.ca\/fr\/sections-locales-old\/#!CA\">section locale<\/a>\u00a0pour obtenir des pr\u00e9cisions sur les dates et les places disponibles.<\/p>\n<\/div><\/div><\/div><\/div><\/div><\/div><div class=\"wpb_wrapper td_block_empty_space td_block_wrap vc_empty_space tdi_20 \"  style=\"height: 100px\"><\/div><\/div><\/div><\/div><\/div><\/div><\/div>","protected":false},"excerpt":{"rendered":"<p>Teamsters Canada offre des programmes d\u2019\u00e9ducation et de formation \u00e0 ses membres. Trouvez ici un atelier ou un \u00e9v\u00e9nements pr\u00e8s de chez vous.<\/p>\n","protected":false},"author":8,"featured_media":0,"parent":532,"menu_order":3,"comment_status":"closed","ping_status":"closed","template":"","meta":{"ngg_post_thumbnail":0,"footnotes":""},"class_list":["post-565","page","type-page","status-publish"],"yoast_head":"<!-- This site is optimized with the Yoast SEO Premium plugin v25.5 (Yoast SEO v25.5) - https:\/\/yoast.com\/wordpress\/plugins\/seo\/ -->\n<title>\u00c9ducation et formation | Teamsters Canada<\/title>\n<meta name=\"robots\" content=\"index, follow, max-snippet:-1, max-image-preview:large, max-video-preview:-1\" \/>\n<link rel=\"canonical\" href=\"https:\/\/teamsters.ca\/fr\/comment-simpliquer\/education-et-formation\/\" \/>\n<meta property=\"og:locale\" content=\"fr_CA\" \/>\n<meta property=\"og:type\" content=\"article\" \/>\n<meta property=\"og:title\" content=\"\u00c9ducation et formation\" \/>\n<meta property=\"og:description\" content=\"Teamsters Canada offre des programmes d\u2019\u00e9ducation et de formation \u00e0 ses membres. Trouvez ici un atelier ou un \u00e9v\u00e9nements pr\u00e8s de chez vous.\" \/>\n<meta property=\"og:url\" content=\"https:\/\/teamsters.ca\/fr\/comment-simpliquer\/education-et-formation\/\" \/>\n<meta property=\"og:site_name\" content=\"Teamsters Canada\" \/>\n<meta property=\"article:publisher\" content=\"https:\/\/www.facebook.com\/Teamsterscanada\/\" \/>\n<meta property=\"article:modified_time\" content=\"2021-04-20T19:36:30+00:00\" \/>\n<meta name=\"twitter:card\" content=\"summary_large_image\" \/>\n<meta name=\"twitter:site\" content=\"@TeamstersCanada\" \/>\n<meta name=\"twitter:label1\" content=\"Estimation du temps de lecture\" \/>\n\t<meta name=\"twitter:data1\" content=\"2 minutes\" \/>\n<script type=\"application\/ld+json\" class=\"yoast-schema-graph\">{\"@context\":\"https:\/\/schema.org\",\"@graph\":[{\"@type\":\"WebPage\",\"@id\":\"https:\/\/teamsters.ca\/fr\/comment-simpliquer\/education-et-formation\/\",\"url\":\"https:\/\/teamsters.ca\/fr\/comment-simpliquer\/education-et-formation\/\",\"name\":\"\u00c9ducation et formation | Teamsters Canada\",\"isPartOf\":{\"@id\":\"https:\/\/teamsters.ca\/fr\/#website\"},\"datePublished\":\"2015-01-04T04:54:57+00:00\",\"dateModified\":\"2021-04-20T19:36:30+00:00\",\"breadcrumb\":{\"@id\":\"https:\/\/teamsters.ca\/fr\/comment-simpliquer\/education-et-formation\/#breadcrumb\"},\"inLanguage\":\"fr-CA\",\"potentialAction\":[{\"@type\":\"ReadAction\",\"target\":[\"https:\/\/teamsters.ca\/fr\/comment-simpliquer\/education-et-formation\/\"]}]},{\"@type\":\"BreadcrumbList\",\"@id\":\"https:\/\/teamsters.ca\/fr\/comment-simpliquer\/education-et-formation\/#breadcrumb\",\"itemListElement\":[{\"@type\":\"ListItem\",\"position\":1,\"name\":\"Home\",\"item\":\"https:\/\/teamsters.ca\/fr\/\"},{\"@type\":\"ListItem\",\"position\":2,\"name\":\"Comment s\u2019impliquer\",\"item\":\"https:\/\/teamsters.ca\/fr\/comment-simpliquer\/\"},{\"@type\":\"ListItem\",\"position\":3,\"name\":\"\u00c9ducation et formation\"}]},{\"@type\":\"WebSite\",\"@id\":\"https:\/\/teamsters.ca\/fr\/#website\",\"url\":\"https:\/\/teamsters.ca\/fr\/\",\"name\":\"Teamsters Canada\",\"description\":\"A Canadian union representing over 125 000 members\",\"publisher\":{\"@id\":\"https:\/\/teamsters.ca\/fr\/#organization\"},\"potentialAction\":[{\"@type\":\"SearchAction\",\"target\":{\"@type\":\"EntryPoint\",\"urlTemplate\":\"https:\/\/teamsters.ca\/fr\/?s={search_term_string}\"},\"query-input\":{\"@type\":\"PropertyValueSpecification\",\"valueRequired\":true,\"valueName\":\"search_term_string\"}}],\"inLanguage\":\"fr-CA\"},{\"@type\":\"Organization\",\"@id\":\"https:\/\/teamsters.ca\/fr\/#organization\",\"name\":\"Teamsters Canada\",\"url\":\"https:\/\/teamsters.ca\/fr\/\",\"logo\":{\"@type\":\"ImageObject\",\"inLanguage\":\"fr-CA\",\"@id\":\"https:\/\/teamsters.ca\/fr\/#\/schema\/logo\/image\/\",\"url\":\"https:\/\/teamsters.ca\/wp-content\/uploads\/2019\/08\/TeamstersCanada.png\",\"contentUrl\":\"https:\/\/teamsters.ca\/wp-content\/uploads\/2019\/08\/TeamstersCanada.png\",\"width\":545,\"height\":181,\"caption\":\"Teamsters Canada\"},\"image\":{\"@id\":\"https:\/\/teamsters.ca\/fr\/#\/schema\/logo\/image\/\"},\"sameAs\":[\"https:\/\/www.facebook.com\/Teamsterscanada\/\",\"https:\/\/x.com\/TeamstersCanada\"]}]}<\/script>\n<!-- \/ Yoast SEO Premium plugin. -->","yoast_head_json":{"title":"\u00c9ducation et formation | Teamsters Canada","robots":{"index":"index","follow":"follow","max-snippet":"max-snippet:-1","max-image-preview":"max-image-preview:large","max-video-preview":"max-video-preview:-1"},"canonical":"https:\/\/teamsters.ca\/fr\/comment-simpliquer\/education-et-formation\/","og_locale":"fr_CA","og_type":"article","og_title":"\u00c9ducation et formation","og_description":"Teamsters Canada offre des programmes d\u2019\u00e9ducation et de formation \u00e0 ses membres. Trouvez ici un atelier ou un \u00e9v\u00e9nements pr\u00e8s de chez vous.","og_url":"https:\/\/teamsters.ca\/fr\/comment-simpliquer\/education-et-formation\/","og_site_name":"Teamsters Canada","article_publisher":"https:\/\/www.facebook.com\/Teamsterscanada\/","article_modified_time":"2021-04-20T19:36:30+00:00","twitter_card":"summary_large_image","twitter_site":"@TeamstersCanada","twitter_misc":{"Estimation du temps de lecture":"2 minutes"},"schema":{"@context":"https:\/\/schema.org","@graph":[{"@type":"WebPage","@id":"https:\/\/teamsters.ca\/fr\/comment-simpliquer\/education-et-formation\/","url":"https:\/\/teamsters.ca\/fr\/comment-simpliquer\/education-et-formation\/","name":"\u00c9ducation et formation | Teamsters Canada","isPartOf":{"@id":"https:\/\/teamsters.ca\/fr\/#website"},"datePublished":"2015-01-04T04:54:57+00:00","dateModified":"2021-04-20T19:36:30+00:00","breadcrumb":{"@id":"https:\/\/teamsters.ca\/fr\/comment-simpliquer\/education-et-formation\/#breadcrumb"},"inLanguage":"fr-CA","potentialAction":[{"@type":"ReadAction","target":["https:\/\/teamsters.ca\/fr\/comment-simpliquer\/education-et-formation\/"]}]},{"@type":"BreadcrumbList","@id":"https:\/\/teamsters.ca\/fr\/comment-simpliquer\/education-et-formation\/#breadcrumb","itemListElement":[{"@type":"ListItem","position":1,"name":"Home","item":"https:\/\/teamsters.ca\/fr\/"},{"@type":"ListItem","position":2,"name":"Comment s\u2019impliquer","item":"https:\/\/teamsters.ca\/fr\/comment-simpliquer\/"},{"@type":"ListItem","position":3,"name":"\u00c9ducation et formation"}]},{"@type":"WebSite","@id":"https:\/\/teamsters.ca\/fr\/#website","url":"https:\/\/teamsters.ca\/fr\/","name":"Teamsters Canada","description":"A Canadian union representing over 125 000 members","publisher":{"@id":"https:\/\/teamsters.ca\/fr\/#organization"},"potentialAction":[{"@type":"SearchAction","target":{"@type":"EntryPoint","urlTemplate":"https:\/\/teamsters.ca\/fr\/?s={search_term_string}"},"query-input":{"@type":"PropertyValueSpecification","valueRequired":true,"valueName":"search_term_string"}}],"inLanguage":"fr-CA"},{"@type":"Organization","@id":"https:\/\/teamsters.ca\/fr\/#organization","name":"Teamsters Canada","url":"https:\/\/teamsters.ca\/fr\/","logo":{"@type":"ImageObject","inLanguage":"fr-CA","@id":"https:\/\/teamsters.ca\/fr\/#\/schema\/logo\/image\/","url":"https:\/\/teamsters.ca\/wp-content\/uploads\/2019\/08\/TeamstersCanada.png","contentUrl":"https:\/\/teamsters.ca\/wp-content\/uploads\/2019\/08\/TeamstersCanada.png","width":545,"height":181,"caption":"Teamsters Canada"},"image":{"@id":"https:\/\/teamsters.ca\/fr\/#\/schema\/logo\/image\/"},"sameAs":["https:\/\/www.facebook.com\/Teamsterscanada\/","https:\/\/x.com\/TeamstersCanada"]}]}},"_links":{"self":[{"href":"https:\/\/teamsters.ca\/fr\/wp-json\/wp\/v2\/pages\/565","targetHints":{"allow":["GET"]}}],"collection":[{"href":"https:\/\/teamsters.ca\/fr\/wp-json\/wp\/v2\/pages"}],"about":[{"href":"https:\/\/teamsters.ca\/fr\/wp-json\/wp\/v2\/types\/page"}],"author":[{"embeddable":true,"href":"https:\/\/teamsters.ca\/fr\/wp-json\/wp\/v2\/users\/8"}],"replies":[{"embeddable":true,"href":"https:\/\/teamsters.ca\/fr\/wp-json\/wp\/v2\/comments?post=565"}],"version-history":[{"count":9,"href":"https:\/\/teamsters.ca\/fr\/wp-json\/wp\/v2\/pages\/565\/revisions"}],"predecessor-version":[{"id":20904,"href":"https:\/\/teamsters.ca\/fr\/wp-json\/wp\/v2\/pages\/565\/revisions\/20904"}],"up":[{"embeddable":true,"href":"https:\/\/teamsters.ca\/fr\/wp-json\/wp\/v2\/pages\/532"}],"wp:attachment":[{"href":"https:\/\/teamsters.ca\/fr\/wp-json\/wp\/v2\/media?parent=565"}],"curies":[{"name":"wp","href":"https:\/\/api.w.org\/{rel}","templated":true}]}}