{"id":561,"date":"2015-01-03T23:50:45","date_gmt":"2015-01-04T04:50:45","guid":{"rendered":"http:\/\/teamsters.ca\/?page_id=561"},"modified":"2022-11-29T11:03:55","modified_gmt":"2022-11-29T16:03:55","slug":"privileges-aux-membres","status":"publish","type":"page","link":"https:\/\/teamsters.ca\/fr\/etre-membre\/privileges-aux-membres\/","title":{"rendered":"Privil\u00e8ges aux membres"},"content":{"rendered":"<div id=\"tdi_1\" class=\"tdc-zone\"><div class=\"tdc_zone tdi_2  wpb_row td-pb-row\"  >\n<style scoped>\n\/* custom css - generated by TagDiv Composer *\/\n\n\/* custom css - generated by TagDiv Composer *\/\n.tdi_2{\r\n                    min-height: 0;\r\n                }\n<\/style><div id=\"tdi_3\" class=\"tdc-row\"><div class=\"vc_row tdi_4  wpb_row td-pb-row\" >\n<style scoped>\n\/* custom css - generated by TagDiv Composer *\/\n\n\/* custom css - generated by TagDiv Composer *\/\n.tdi_4,\r\n                .tdi_4 .tdc-columns{\r\n                    min-height: 0;\r\n                }.tdi_4,\r\n\t\t\t\t.tdi_4 .tdc-columns{\r\n\t\t\t\t    display: block;\r\n\t\t\t\t}.tdi_4 .tdc-columns{\r\n\t\t\t\t    width: 100%;\r\n\t\t\t\t}.tdi_4:before,\r\n\t\t\t\t.tdi_4:after{\r\n\t\t\t\t    display: table;\r\n\t\t\t\t}\n<\/style><div class=\"vc_column tdi_6  wpb_column vc_column_container tdc-column td-pb-span12\">\n<style scoped>\n\/* custom css - generated by TagDiv Composer *\/\n\n\/* custom css - generated by TagDiv Composer *\/\n.tdi_6{\r\n                    vertical-align: baseline;\r\n                }.tdi_6 > .wpb_wrapper,\r\n\t\t\t\t.tdi_6 > .wpb_wrapper > .tdc-elements{\r\n\t\t\t\t    display: block;\r\n\t\t\t\t}.tdi_6 > .wpb_wrapper > .tdc-elements{\r\n\t\t\t\t    width: 100%;\r\n\t\t\t\t}.tdi_6 > .wpb_wrapper > .vc_row_inner{\r\n\t\t\t\t    width: auto;\r\n\t\t\t\t}.tdi_6 > .wpb_wrapper{\r\n\t\t\t\t    width: auto;\r\n\t\t\t\t    height: auto;\r\n\t\t\t\t}\n<\/style><div class=\"wpb_wrapper\" ><div class=\"td_block_wrap td_block_title tdi_7 td-pb-border-top td_block_template_10 td-fix-index\"  data-td-block-uid=\"tdi_7\" >\n<style>\n.td_block_template_10.widget > ul > li {\r\n                margin-left: 0 !important;\r\n            }\r\n            .td_block_template_10 .td-block-title {\r\n                font-size: 17px;\r\n                font-weight: 500;\r\n                margin-top: -10px;\r\n                margin-bottom: 24px;\r\n                line-height: 37px;\r\n                padding: 0;\r\n                position: relative;\r\n                text-align: left;\r\n            }\r\n            .td_block_template_10 .td-block-title:before {\r\n                content: '';\r\n                width: 100%;\r\n                height: 3px;\r\n                position: absolute;\r\n                top: 100%;\r\n                left: 0;\r\n                background-color: var(--td_header_color, #f5f5f5);\r\n            }\r\n            .td_block_template_10 .td-block-title > * {\r\n                color: var(--td_text_header_color, #000);\r\n            }\r\n            .td_block_template_10 .td-subcat-filter {\r\n                line-height: 37px;\r\n                display: table;\r\n            }\r\n            .td_block_template_10 .td-subcat-dropdown {\r\n                line-height: 1;\r\n                position: static;\r\n            }\r\n            .td_block_template_10 .td-subcat-dropdown .td-subcat-more {\r\n                margin-bottom: 0 !important;\r\n            }\r\n            .td_block_template_10 .td-subcat-dropdown ul:after {\r\n                height: 3px !important;\r\n            }\r\n            .td_block_template_10 .td-related-title {\r\n                margin-top: 0 !important;\r\n            }\r\n            .td_block_template_10 .td-related-title a {\r\n                margin-right: 20px;\r\n            }\r\n            @media (max-width: 767px) {\r\n                .td_block_template_10 .td-related-title a {\r\n                    font-size: 15px;\r\n                }\r\n            }\r\n            .td_block_template_10 .td-related-title .td-cur-simple-item {\r\n                color: var(--td_theme_color, #4db2ec);\r\n            }\r\n            \r\n            \r\n            \r\n            .tdi_7 .td-block-title > * {\r\n                color: #ee3a43 !important;\r\n            }\r\n\r\n            \r\n            .tdi_7 .td-block-title:before {\r\n                background-color: #ee3a43 !important;\r\n            }\n\/* inline tdc_css att - generated by TagDiv Composer *\/\n\n.tdi_7{\nmargin-top:80px !important;\n}\n\n<\/style>\n<style>\n\/* custom css - generated by TagDiv Composer *\/\nbody .tdi_7 .td-block-title a,\r\n\t\t\t\tbody .tdi_7 .td-block-title span{\r\n\t\t\t\t\tfont-size:3em !important;line-height:45px !important;\r\n\t\t\t\t}\n<\/style><div class=\"td-block-title-wrap\"><h1 class=\"td-block-title\"><span class=\"td-pulldown-size\"> Privil\u00e8ges aux membres<\/span><\/h1><\/div><\/div><div class=\"td_block_wrap td_block_text_with_title tdi_8 tagdiv-type td-pb-border-top td_block_template_1\"  data-td-block-uid=\"tdi_8\" >\n<style>\n\/* custom css - generated by TagDiv Composer *\/\n.td_block_text_with_title{\r\n                  margin-bottom: 44px;\r\n                  -webkit-transform: translateZ(0);\r\n                  transform: translateZ(0);\r\n                }.td_block_text_with_title p:last-child{\r\n                  margin-bottom: 0;\r\n                }.tdi_8,\r\n                .tdi_8 p{\r\n\t\t\t        font-size:1.1em !important;\r\n\t\t        }.tdi_8 a{\r\n\t\t\t        color: #ee3a43;\r\n\t\t        }\n<\/style><div class=\"td-block-title-wrap\"><\/div><div class=\"td_mod_wrap td-fix-index\"><p>Teamsters Canada offre plus qu\u2019un salaire \u00e9quitable, des conditions de travail s\u00e9curitaires et une s\u00e9curit\u00e9 d\u2019emploi : on vous aide aussi \u00e0 profiter de la vie! Voici quelques privil\u00e8ges d\u2019\u00eatre membre. \u00a0<\/p>\n<h2><a href=\"http:\/\/www.avisawards.com\/\" target=\"_blank\" rel=\"noopener noreferrer\"><img loading=\"lazy\" decoding=\"async\" class=\"alignnone size-full wp-image-223 lazyloaded\" src=\"https:\/\/teamsters.ca\/wp-content\/uploads\/2014\/09\/logo_avis.png\" alt=\"Location de voitures Avis\" width=\"250\" height=\"75\" data-lazy-src=\"https:\/\/teamsters.ca\/wp-content\/uploads\/2014\/09\/logo_avis.png\" data-was-processed=\"true\" \/><\/a><\/h2>\n<p>Teamsters Canada est fier d\u2019annoncer que Location de voitures Avis offre une remise exclusive \u00e0 nos membres. \u00c9pargnez de l\u2019argent sur chaque location de voiture et recevez des r\u00e9compenses en donnant votre num\u00e9ro de r\u00e9duction internationale Avis (Y416889) sur vos prochaines locations. <a href=\"http:\/\/www.avisawards.com\/\" target=\"_blank\" rel=\"noopener noreferrer\">Voir les offres sp\u00e9ciales, les informations de voyage et les services offerts en visitant le site Web Programme prime-m\u00e9rite aux entreprises d\u2019Avis<\/a> <em>Une preuve de votre affiliation est requise pour avoir droit aux rabais accord\u00e9s aux membres. Veuillez pr\u00e9senter votre carte de membre, votre carte professionnelle ou votre relev\u00e9 de paie sur demande.<\/em><\/p>\n<\/div><\/div><div class=\"wpb_wrapper td_block_separator td_block_wrap vc_separator tdi_10  td_separator_solid td_separator_center\"><span style=\"border-color:#EBEBEB;border-width:1px;width:100%;\"><\/span>\n<style scoped>\n\/* custom css - generated by TagDiv Composer *\/\n\n\/* custom css - generated by TagDiv Composer *\/\n.td_block_separator{\r\n                  width: 100%;\r\n                  align-items: center;\r\n                  margin-bottom: 38px;\r\n                  padding-bottom: 10px;\r\n                }.td_block_separator span{\r\n                  position: relative;\r\n                  display: block;\r\n                  margin: 0 auto;\r\n                  width: 100%;\r\n                  height: 1px;\r\n                  border-top: 1px solid #EBEBEB;\r\n                }.td_separator_align_left span{\r\n                  margin-left: 0;\r\n                }.td_separator_align_right span{\r\n                  margin-right: 0;\r\n                }.td_separator_dashed span{\r\n                  border-top-style: dashed;\r\n                }.td_separator_dotted span{\r\n                  border-top-style: dotted;\r\n                }.td_separator_double span{\r\n                  height: 3px;\r\n                  border-bottom: 1px solid #EBEBEB;\r\n                }.td_separator_shadow > span{\r\n                  position: relative;\r\n                  height: 20px;\r\n                  overflow: hidden;\r\n                  border: 0;\r\n                  color: #EBEBEB;\r\n                }.td_separator_shadow > span > span{\r\n                  position: absolute;\r\n                  top: -30px;\r\n                  left: 0;\r\n                  right: 0;\r\n                  margin: 0 auto;\r\n                  height: 13px;\r\n                  width: 98%;\r\n                  border-radius: 100%;\r\n                }html :where([style*='border-width']){\r\n                    border-style: none;\r\n                }\n<\/style><\/div><div class=\"td_block_wrap td_block_text_with_title tdi_11 tagdiv-type td-pb-border-top td_block_template_1\"  data-td-block-uid=\"tdi_11\" >\n<style>\n\/* custom css - generated by TagDiv Composer *\/\n.tdi_11,\r\n                .tdi_11 p{\r\n\t\t\t        font-size:1.1em !important;\r\n\t\t        }.tdi_11 a{\r\n\t\t\t        color: #ee3a43;\r\n\t\t        }\n<\/style><div class=\"td-block-title-wrap\"><\/div><div class=\"td_mod_wrap td-fix-index\"><p><img loading=\"lazy\" decoding=\"async\" class=\" wp-image-24121 alignleft\" src=\"https:\/\/teamsters.ca\/wp-content\/uploads\/2022\/11\/logo_fr.jpg\" alt=\"\" width=\"651\" height=\"84\" srcset=\"https:\/\/teamsters.ca\/wp-content\/uploads\/2022\/11\/logo_fr.jpg 908w, https:\/\/teamsters.ca\/wp-content\/uploads\/2022\/11\/logo_fr-300x39.jpg 300w, https:\/\/teamsters.ca\/wp-content\/uploads\/2022\/11\/logo_fr-150x19.jpg 150w, https:\/\/teamsters.ca\/wp-content\/uploads\/2022\/11\/logo_fr-768x99.jpg 768w, https:\/\/teamsters.ca\/wp-content\/uploads\/2022\/11\/logo_fr-696x90.jpg 696w\" sizes=\"auto, (max-width: 651px) 100vw, 651px\" \/><\/p>\n<p>\u00a0<\/p>\n<p>\u00a0<\/p>\n<p>\u00a0<\/p>\n<p>\u00c9tablie en 1989, Union Savings a \u00e9t\u00e9 fond\u00e9e sur un principe simple; tirer parti de notre force collective en tant que membres syndicaux canadiens pour offrir des avantages sociaux de haute qualit\u00e9 et \u00e0 faible co\u00fbt aux membres syndicaux et \u00e0 leurs familles partout au Canada. Avec pr\u00e8s de deux millions de membres individuels, Pouvoir syndical tire parti de sa force num\u00e9rique pour n\u00e9gocier des \u00e9conomies et des rabais exclusifs aux membres syndiqu\u00e9s canadiens et \u00e0 leurs familles.<\/p>\n<p><a href=\"https:\/\/unionsavings.ca\/fr\/\" target=\"_blank\" rel=\"noopener\"><img loading=\"lazy\" decoding=\"async\" class=\"aligncenter size-full wp-image-24125\" src=\"https:\/\/teamsters.ca\/wp-content\/uploads\/2022\/11\/249346608_2990044567911527_1983315883778283156_n.jpg\" alt=\"\" width=\"612\" height=\"792\" srcset=\"https:\/\/teamsters.ca\/wp-content\/uploads\/2022\/11\/249346608_2990044567911527_1983315883778283156_n.jpg 612w, https:\/\/teamsters.ca\/wp-content\/uploads\/2022\/11\/249346608_2990044567911527_1983315883778283156_n-232x300.jpg 232w, https:\/\/teamsters.ca\/wp-content\/uploads\/2022\/11\/249346608_2990044567911527_1983315883778283156_n-116x150.jpg 116w, https:\/\/teamsters.ca\/wp-content\/uploads\/2022\/11\/249346608_2990044567911527_1983315883778283156_n-325x420.jpg 325w\" sizes=\"auto, (max-width: 612px) 100vw, 612px\" \/><\/a><\/p>\n<h4 style=\"text-align: center;\"><a href=\"https:\/\/www.flipsnack.com\/unionsavings\/discount-and-savings-guide-fr.html\" target=\"_blank\" rel=\"noopener\"><span class=\"td_btn td_btn_lg td_round_btn\">En savoir plus sur le programme<\/span><\/a><\/h4>\n<div style=\"text-align: center;\"><a href=\"https:\/\/www.flipsnack.com\/unionsavings\/discount-and-savings-guide-fr.html\" target=\"_blank\" rel=\"noopener\">Lisez le guide des rabais et des services pour en savoir plus sur le programme Pouvoir syndical.<\/a><\/div>\n<p>\u00a0<\/p>\n<p>\u00a0<\/p>\n<p style=\"text-align: center;\">\u00a0<\/p>\n<\/div><\/div><\/div><\/div><\/div><\/div><\/div><\/div>","protected":false},"excerpt":{"rendered":"<p>En plus du salaire \u00e9quitable et de la s\u00e9curit\u00e9 d\u2019emploi, obtenez des rabais comme membre de Teamsters avec Via Rail, Delta H\u00f4tels et Avis. Lire plus ici.<\/p>\n","protected":false},"author":8,"featured_media":1012,"parent":554,"menu_order":2,"comment_status":"closed","ping_status":"closed","template":"","meta":{"ngg_post_thumbnail":0,"footnotes":""},"class_list":["post-561","page","type-page","status-publish","has-post-thumbnail"],"yoast_head":"<!-- This site is optimized with the Yoast SEO Premium plugin v25.5 (Yoast SEO v25.5) - https:\/\/yoast.com\/wordpress\/plugins\/seo\/ -->\n<title>Privil\u00e8ges aux membres | Teamsters Canada<\/title>\n<meta name=\"robots\" content=\"index, follow, max-snippet:-1, max-image-preview:large, max-video-preview:-1\" \/>\n<link rel=\"canonical\" href=\"https:\/\/teamsters.ca\/fr\/etre-membre\/privileges-aux-membres\/\" \/>\n<meta property=\"og:locale\" content=\"fr_CA\" \/>\n<meta property=\"og:type\" content=\"article\" \/>\n<meta property=\"og:title\" content=\"Privil\u00e8ges aux membres\" \/>\n<meta property=\"og:description\" content=\"En plus du salaire \u00e9quitable et de la s\u00e9curit\u00e9 d\u2019emploi, obtenez des rabais comme membre de Teamsters avec Via Rail, Delta H\u00f4tels et Avis. Lire plus ici.\" \/>\n<meta property=\"og:url\" content=\"https:\/\/teamsters.ca\/fr\/etre-membre\/privileges-aux-membres\/\" \/>\n<meta property=\"og:site_name\" content=\"Teamsters Canada\" \/>\n<meta property=\"article:publisher\" content=\"https:\/\/www.facebook.com\/Teamsterscanada\/\" \/>\n<meta property=\"article:modified_time\" content=\"2022-11-29T16:03:55+00:00\" \/>\n<meta property=\"og:image\" content=\"https:\/\/teamsters.ca\/wp-content\/uploads\/2015\/01\/male-seamstress-union-worker2.jpg\" \/>\n\t<meta property=\"og:image:width\" content=\"914\" \/>\n\t<meta property=\"og:image:height\" content=\"1000\" \/>\n\t<meta property=\"og:image:type\" content=\"image\/jpeg\" \/>\n<meta name=\"twitter:card\" content=\"summary_large_image\" \/>\n<meta name=\"twitter:site\" content=\"@TeamstersCanada\" \/>\n<meta name=\"twitter:label1\" content=\"Estimation du temps de lecture\" \/>\n\t<meta name=\"twitter:data1\" content=\"2 minutes\" \/>\n<script type=\"application\/ld+json\" class=\"yoast-schema-graph\">{\"@context\":\"https:\/\/schema.org\",\"@graph\":[{\"@type\":\"WebPage\",\"@id\":\"https:\/\/teamsters.ca\/fr\/etre-membre\/privileges-aux-membres\/\",\"url\":\"https:\/\/teamsters.ca\/fr\/etre-membre\/privileges-aux-membres\/\",\"name\":\"Privil\u00e8ges aux membres | Teamsters Canada\",\"isPartOf\":{\"@id\":\"https:\/\/teamsters.ca\/fr\/#website\"},\"primaryImageOfPage\":{\"@id\":\"https:\/\/teamsters.ca\/fr\/etre-membre\/privileges-aux-membres\/#primaryimage\"},\"image\":{\"@id\":\"https:\/\/teamsters.ca\/fr\/etre-membre\/privileges-aux-membres\/#primaryimage\"},\"thumbnailUrl\":\"https:\/\/teamsters.ca\/wp-content\/uploads\/2015\/01\/male-seamstress-union-worker2.jpg\",\"datePublished\":\"2015-01-04T04:50:45+00:00\",\"dateModified\":\"2022-11-29T16:03:55+00:00\",\"breadcrumb\":{\"@id\":\"https:\/\/teamsters.ca\/fr\/etre-membre\/privileges-aux-membres\/#breadcrumb\"},\"inLanguage\":\"fr-CA\",\"potentialAction\":[{\"@type\":\"ReadAction\",\"target\":[\"https:\/\/teamsters.ca\/fr\/etre-membre\/privileges-aux-membres\/\"]}]},{\"@type\":\"ImageObject\",\"inLanguage\":\"fr-CA\",\"@id\":\"https:\/\/teamsters.ca\/fr\/etre-membre\/privileges-aux-membres\/#primaryimage\",\"url\":\"https:\/\/teamsters.ca\/wp-content\/uploads\/2015\/01\/male-seamstress-union-worker2.jpg\",\"contentUrl\":\"https:\/\/teamsters.ca\/wp-content\/uploads\/2015\/01\/male-seamstress-union-worker2.jpg\",\"width\":914,\"height\":1000},{\"@type\":\"BreadcrumbList\",\"@id\":\"https:\/\/teamsters.ca\/fr\/etre-membre\/privileges-aux-membres\/#breadcrumb\",\"itemListElement\":[{\"@type\":\"ListItem\",\"position\":1,\"name\":\"Home\",\"item\":\"https:\/\/teamsters.ca\/fr\/\"},{\"@type\":\"ListItem\",\"position\":2,\"name\":\"\u00catre membre\",\"item\":\"https:\/\/teamsters.ca\/fr\/etre-membre\/\"},{\"@type\":\"ListItem\",\"position\":3,\"name\":\"Privil\u00e8ges aux membres\"}]},{\"@type\":\"WebSite\",\"@id\":\"https:\/\/teamsters.ca\/fr\/#website\",\"url\":\"https:\/\/teamsters.ca\/fr\/\",\"name\":\"Teamsters Canada\",\"description\":\"A Canadian union representing over 125 000 members\",\"publisher\":{\"@id\":\"https:\/\/teamsters.ca\/fr\/#organization\"},\"potentialAction\":[{\"@type\":\"SearchAction\",\"target\":{\"@type\":\"EntryPoint\",\"urlTemplate\":\"https:\/\/teamsters.ca\/fr\/?s={search_term_string}\"},\"query-input\":{\"@type\":\"PropertyValueSpecification\",\"valueRequired\":true,\"valueName\":\"search_term_string\"}}],\"inLanguage\":\"fr-CA\"},{\"@type\":\"Organization\",\"@id\":\"https:\/\/teamsters.ca\/fr\/#organization\",\"name\":\"Teamsters Canada\",\"url\":\"https:\/\/teamsters.ca\/fr\/\",\"logo\":{\"@type\":\"ImageObject\",\"inLanguage\":\"fr-CA\",\"@id\":\"https:\/\/teamsters.ca\/fr\/#\/schema\/logo\/image\/\",\"url\":\"https:\/\/teamsters.ca\/wp-content\/uploads\/2019\/08\/TeamstersCanada.png\",\"contentUrl\":\"https:\/\/teamsters.ca\/wp-content\/uploads\/2019\/08\/TeamstersCanada.png\",\"width\":545,\"height\":181,\"caption\":\"Teamsters Canada\"},\"image\":{\"@id\":\"https:\/\/teamsters.ca\/fr\/#\/schema\/logo\/image\/\"},\"sameAs\":[\"https:\/\/www.facebook.com\/Teamsterscanada\/\",\"https:\/\/x.com\/TeamstersCanada\"]}]}<\/script>\n<!-- \/ Yoast SEO Premium plugin. -->","yoast_head_json":{"title":"Privil\u00e8ges aux membres | Teamsters Canada","robots":{"index":"index","follow":"follow","max-snippet":"max-snippet:-1","max-image-preview":"max-image-preview:large","max-video-preview":"max-video-preview:-1"},"canonical":"https:\/\/teamsters.ca\/fr\/etre-membre\/privileges-aux-membres\/","og_locale":"fr_CA","og_type":"article","og_title":"Privil\u00e8ges aux membres","og_description":"En plus du salaire \u00e9quitable et de la s\u00e9curit\u00e9 d\u2019emploi, obtenez des rabais comme membre de Teamsters avec Via Rail, Delta H\u00f4tels et Avis. Lire plus ici.","og_url":"https:\/\/teamsters.ca\/fr\/etre-membre\/privileges-aux-membres\/","og_site_name":"Teamsters Canada","article_publisher":"https:\/\/www.facebook.com\/Teamsterscanada\/","article_modified_time":"2022-11-29T16:03:55+00:00","og_image":[{"width":914,"height":1000,"url":"https:\/\/teamsters.ca\/wp-content\/uploads\/2015\/01\/male-seamstress-union-worker2.jpg","type":"image\/jpeg"}],"twitter_card":"summary_large_image","twitter_site":"@TeamstersCanada","twitter_misc":{"Estimation du temps de lecture":"2 minutes"},"schema":{"@context":"https:\/\/schema.org","@graph":[{"@type":"WebPage","@id":"https:\/\/teamsters.ca\/fr\/etre-membre\/privileges-aux-membres\/","url":"https:\/\/teamsters.ca\/fr\/etre-membre\/privileges-aux-membres\/","name":"Privil\u00e8ges aux membres | Teamsters Canada","isPartOf":{"@id":"https:\/\/teamsters.ca\/fr\/#website"},"primaryImageOfPage":{"@id":"https:\/\/teamsters.ca\/fr\/etre-membre\/privileges-aux-membres\/#primaryimage"},"image":{"@id":"https:\/\/teamsters.ca\/fr\/etre-membre\/privileges-aux-membres\/#primaryimage"},"thumbnailUrl":"https:\/\/teamsters.ca\/wp-content\/uploads\/2015\/01\/male-seamstress-union-worker2.jpg","datePublished":"2015-01-04T04:50:45+00:00","dateModified":"2022-11-29T16:03:55+00:00","breadcrumb":{"@id":"https:\/\/teamsters.ca\/fr\/etre-membre\/privileges-aux-membres\/#breadcrumb"},"inLanguage":"fr-CA","potentialAction":[{"@type":"ReadAction","target":["https:\/\/teamsters.ca\/fr\/etre-membre\/privileges-aux-membres\/"]}]},{"@type":"ImageObject","inLanguage":"fr-CA","@id":"https:\/\/teamsters.ca\/fr\/etre-membre\/privileges-aux-membres\/#primaryimage","url":"https:\/\/teamsters.ca\/wp-content\/uploads\/2015\/01\/male-seamstress-union-worker2.jpg","contentUrl":"https:\/\/teamsters.ca\/wp-content\/uploads\/2015\/01\/male-seamstress-union-worker2.jpg","width":914,"height":1000},{"@type":"BreadcrumbList","@id":"https:\/\/teamsters.ca\/fr\/etre-membre\/privileges-aux-membres\/#breadcrumb","itemListElement":[{"@type":"ListItem","position":1,"name":"Home","item":"https:\/\/teamsters.ca\/fr\/"},{"@type":"ListItem","position":2,"name":"\u00catre membre","item":"https:\/\/teamsters.ca\/fr\/etre-membre\/"},{"@type":"ListItem","position":3,"name":"Privil\u00e8ges aux membres"}]},{"@type":"WebSite","@id":"https:\/\/teamsters.ca\/fr\/#website","url":"https:\/\/teamsters.ca\/fr\/","name":"Teamsters Canada","description":"A Canadian union representing over 125 000 members","publisher":{"@id":"https:\/\/teamsters.ca\/fr\/#organization"},"potentialAction":[{"@type":"SearchAction","target":{"@type":"EntryPoint","urlTemplate":"https:\/\/teamsters.ca\/fr\/?s={search_term_string}"},"query-input":{"@type":"PropertyValueSpecification","valueRequired":true,"valueName":"search_term_string"}}],"inLanguage":"fr-CA"},{"@type":"Organization","@id":"https:\/\/teamsters.ca\/fr\/#organization","name":"Teamsters Canada","url":"https:\/\/teamsters.ca\/fr\/","logo":{"@type":"ImageObject","inLanguage":"fr-CA","@id":"https:\/\/teamsters.ca\/fr\/#\/schema\/logo\/image\/","url":"https:\/\/teamsters.ca\/wp-content\/uploads\/2019\/08\/TeamstersCanada.png","contentUrl":"https:\/\/teamsters.ca\/wp-content\/uploads\/2019\/08\/TeamstersCanada.png","width":545,"height":181,"caption":"Teamsters Canada"},"image":{"@id":"https:\/\/teamsters.ca\/fr\/#\/schema\/logo\/image\/"},"sameAs":["https:\/\/www.facebook.com\/Teamsterscanada\/","https:\/\/x.com\/TeamstersCanada"]}]}},"_links":{"self":[{"href":"https:\/\/teamsters.ca\/fr\/wp-json\/wp\/v2\/pages\/561","targetHints":{"allow":["GET"]}}],"collection":[{"href":"https:\/\/teamsters.ca\/fr\/wp-json\/wp\/v2\/pages"}],"about":[{"href":"https:\/\/teamsters.ca\/fr\/wp-json\/wp\/v2\/types\/page"}],"author":[{"embeddable":true,"href":"https:\/\/teamsters.ca\/fr\/wp-json\/wp\/v2\/users\/8"}],"replies":[{"embeddable":true,"href":"https:\/\/teamsters.ca\/fr\/wp-json\/wp\/v2\/comments?post=561"}],"version-history":[{"count":4,"href":"https:\/\/teamsters.ca\/fr\/wp-json\/wp\/v2\/pages\/561\/revisions"}],"predecessor-version":[{"id":24134,"href":"https:\/\/teamsters.ca\/fr\/wp-json\/wp\/v2\/pages\/561\/revisions\/24134"}],"up":[{"embeddable":true,"href":"https:\/\/teamsters.ca\/fr\/wp-json\/wp\/v2\/pages\/554"}],"wp:featuredmedia":[{"embeddable":true,"href":"https:\/\/teamsters.ca\/fr\/wp-json\/wp\/v2\/media\/1012"}],"wp:attachment":[{"href":"https:\/\/teamsters.ca\/fr\/wp-json\/wp\/v2\/media?parent=561"}],"curies":[{"name":"wp","href":"https:\/\/api.w.org\/{rel}","templated":true}]}}