{"id":559,"date":"2015-01-03T23:44:26","date_gmt":"2015-01-04T04:44:26","guid":{"rendered":"http:\/\/teamsters.ca\/?page_id=559"},"modified":"2019-08-15T10:16:25","modified_gmt":"2019-08-15T14:16:25","slug":"fonds-de-greve","status":"publish","type":"page","link":"https:\/\/teamsters.ca\/fr\/etre-membre\/fonds-de-greve\/","title":{"rendered":"Fonds de gr\u00e8ve"},"content":{"rendered":"<div id=\"tdi_1\" class=\"tdc-zone\"><div class=\"tdc_zone tdi_2  wpb_row td-pb-row\"  >\n<style scoped>\n\/* custom css - generated by TagDiv Composer *\/\n\n\/* custom css - generated by TagDiv Composer *\/\n.tdi_2{\r\n                    min-height: 0;\r\n                }\n<\/style><div id=\"tdi_3\" class=\"tdc-row\"><div class=\"vc_row tdi_4  wpb_row td-pb-row\" >\n<style scoped>\n\/* custom css - generated by TagDiv Composer *\/\n\n\/* custom css - generated by TagDiv Composer *\/\n.tdi_4,\r\n                .tdi_4 .tdc-columns{\r\n                    min-height: 0;\r\n                }.tdi_4,\r\n\t\t\t\t.tdi_4 .tdc-columns{\r\n\t\t\t\t    display: block;\r\n\t\t\t\t}.tdi_4 .tdc-columns{\r\n\t\t\t\t    width: 100%;\r\n\t\t\t\t}.tdi_4:before,\r\n\t\t\t\t.tdi_4:after{\r\n\t\t\t\t    display: table;\r\n\t\t\t\t}\n<\/style><div class=\"vc_column tdi_6  wpb_column vc_column_container tdc-column td-pb-span12\">\n<style scoped>\n\/* custom css - generated by TagDiv Composer *\/\n\n\/* custom css - generated by TagDiv Composer *\/\n.tdi_6{\r\n                    vertical-align: baseline;\r\n                }.tdi_6 > .wpb_wrapper,\r\n\t\t\t\t.tdi_6 > .wpb_wrapper > .tdc-elements{\r\n\t\t\t\t    display: block;\r\n\t\t\t\t}.tdi_6 > .wpb_wrapper > .tdc-elements{\r\n\t\t\t\t    width: 100%;\r\n\t\t\t\t}.tdi_6 > .wpb_wrapper > .vc_row_inner{\r\n\t\t\t\t    width: auto;\r\n\t\t\t\t}.tdi_6 > .wpb_wrapper{\r\n\t\t\t\t    width: auto;\r\n\t\t\t\t    height: auto;\r\n\t\t\t\t}\n<\/style><div class=\"wpb_wrapper\" ><div class=\"td_block_wrap td_block_title tdi_7 td-pb-border-top td_block_template_10 td-fix-index\"  data-td-block-uid=\"tdi_7\" >\n<style>\n.td_block_template_10.widget > ul > li {\r\n                margin-left: 0 !important;\r\n            }\r\n            .td_block_template_10 .td-block-title {\r\n                font-size: 17px;\r\n                font-weight: 500;\r\n                margin-top: -10px;\r\n                margin-bottom: 24px;\r\n                line-height: 37px;\r\n                padding: 0;\r\n                position: relative;\r\n                text-align: left;\r\n            }\r\n            .td_block_template_10 .td-block-title:before {\r\n                content: '';\r\n                width: 100%;\r\n                height: 3px;\r\n                position: absolute;\r\n                top: 100%;\r\n                left: 0;\r\n                background-color: var(--td_header_color, #f5f5f5);\r\n            }\r\n            .td_block_template_10 .td-block-title > * {\r\n                color: var(--td_text_header_color, #000);\r\n            }\r\n            .td_block_template_10 .td-subcat-filter {\r\n                line-height: 37px;\r\n                display: table;\r\n            }\r\n            .td_block_template_10 .td-subcat-dropdown {\r\n                line-height: 1;\r\n                position: static;\r\n            }\r\n            .td_block_template_10 .td-subcat-dropdown .td-subcat-more {\r\n                margin-bottom: 0 !important;\r\n            }\r\n            .td_block_template_10 .td-subcat-dropdown ul:after {\r\n                height: 3px !important;\r\n            }\r\n            .td_block_template_10 .td-related-title {\r\n                margin-top: 0 !important;\r\n            }\r\n            .td_block_template_10 .td-related-title a {\r\n                margin-right: 20px;\r\n            }\r\n            @media (max-width: 767px) {\r\n                .td_block_template_10 .td-related-title a {\r\n                    font-size: 15px;\r\n                }\r\n            }\r\n            .td_block_template_10 .td-related-title .td-cur-simple-item {\r\n                color: var(--td_theme_color, #4db2ec);\r\n            }\r\n            \r\n            \r\n            \r\n            .tdi_7 .td-block-title > * {\r\n                color: #ee3a43 !important;\r\n            }\r\n\r\n            \r\n            .tdi_7 .td-block-title:before {\r\n                background-color: #ee3a43 !important;\r\n            }\n\/* inline tdc_css att - generated by TagDiv Composer *\/\n\n.tdi_7{\nmargin-top:80px !important;\n}\n\n<\/style>\n<style>\n\/* custom css - generated by TagDiv Composer *\/\nbody .tdi_7 .td-block-title a,\r\n\t\t\t\tbody .tdi_7 .td-block-title span{\r\n\t\t\t\t\tfont-size:3em !important;line-height:45px !important;\r\n\t\t\t\t}\n<\/style><div class=\"td-block-title-wrap\"><h1 class=\"td-block-title\"><span class=\"td-pulldown-size\">Fonds de gr\u00e8ve<\/span><\/h1><\/div><\/div><div class=\"td_block_wrap td_block_text_with_title tdi_8 tagdiv-type td-pb-border-top td_block_template_1\"  data-td-block-uid=\"tdi_8\" >\n<style>\n\/* custom css - generated by TagDiv Composer *\/\n.td_block_text_with_title{\r\n                  margin-bottom: 44px;\r\n                  -webkit-transform: translateZ(0);\r\n                  transform: translateZ(0);\r\n                }.td_block_text_with_title p:last-child{\r\n                  margin-bottom: 0;\r\n                }.tdi_8,\r\n                .tdi_8 p{\r\n\t\t\t        font-size:1.1em !important;\r\n\t\t        }.tdi_8 a{\r\n\t\t\t        color: #ee3a43;\r\n\t\t        }\n<\/style><div class=\"td-block-title-wrap\"><\/div><div class=\"td_mod_wrap td-fix-index\"><p>Les changements dans le monde du travail et les n\u00e9gociations difficiles peuvent engendrer de l\u2019ins\u00e9curit\u00e9. En d\u00e9cembre 1994, Teamsters Canada a cr\u00e9\u00e9 son propre fonds de gr\u00e8ve pour prot\u00e9ger ses travailleurs et travailleuses et soutenir ses membres.<\/p>\n<p>Comme nous avons diverses ressources, incluant des services de recherche et l\u2019acc\u00e8s \u00e0 des avocats, nous sommes pr\u00eats en cas de gr\u00e8ve ou de lockout. Notre fonds de gr\u00e8ve est g\u00e9r\u00e9 par le Service financier de Teamsters Canada.<\/p>\n<p><a title=\"Sections locales\" href=\"https:\/\/teamsters.ca\/fr\/sections-locales-old\/#!CA\">Contactez votre Section locale pour en savoir plus<\/a><\/p>\n<\/div><\/div><div class=\"wpb_wrapper td_block_empty_space td_block_wrap vc_empty_space tdi_10 \"  style=\"height: 300px\"><\/div><\/div><\/div><\/div><\/div><\/div><\/div>","protected":false},"excerpt":{"rendered":"<p>Teamsters Canada peut cr\u00e9er un fonds de gr\u00e8ve pour soutenir nos travailleurs et leur famille. Trouvez ici ce que notre syndicat peut faire pour vous.<\/p>\n","protected":false},"author":8,"featured_media":906,"parent":554,"menu_order":6,"comment_status":"closed","ping_status":"closed","template":"","meta":{"ngg_post_thumbnail":0,"footnotes":""},"class_list":["post-559","page","type-page","status-publish","has-post-thumbnail"],"yoast_head":"<!-- This site is optimized with the Yoast SEO Premium plugin v25.5 (Yoast SEO v25.5) - https:\/\/yoast.com\/wordpress\/plugins\/seo\/ -->\n<title>Fonds de gr\u00e8ve | Teamsters Canada<\/title>\n<meta name=\"robots\" content=\"index, follow, max-snippet:-1, max-image-preview:large, max-video-preview:-1\" \/>\n<link rel=\"canonical\" href=\"https:\/\/teamsters.ca\/fr\/etre-membre\/fonds-de-greve\/\" \/>\n<meta property=\"og:locale\" content=\"fr_CA\" \/>\n<meta property=\"og:type\" content=\"article\" \/>\n<meta property=\"og:title\" content=\"Fonds de gr\u00e8ve\" \/>\n<meta property=\"og:description\" content=\"Teamsters Canada peut cr\u00e9er un fonds de gr\u00e8ve pour soutenir nos travailleurs et leur famille. Trouvez ici ce que notre syndicat peut faire pour vous.\" \/>\n<meta property=\"og:url\" content=\"https:\/\/teamsters.ca\/fr\/etre-membre\/fonds-de-greve\/\" \/>\n<meta property=\"og:site_name\" content=\"Teamsters Canada\" \/>\n<meta property=\"article:publisher\" content=\"https:\/\/www.facebook.com\/Teamsterscanada\/\" \/>\n<meta property=\"article:modified_time\" content=\"2019-08-15T14:16:25+00:00\" \/>\n<meta property=\"og:image\" content=\"https:\/\/teamsters.ca\/wp-content\/uploads\/2015\/01\/23-cnr-striking-carmen.jpg\" \/>\n\t<meta property=\"og:image:width\" content=\"1000\" \/>\n\t<meta property=\"og:image:height\" content=\"766\" \/>\n\t<meta property=\"og:image:type\" content=\"image\/jpeg\" \/>\n<meta name=\"twitter:card\" content=\"summary_large_image\" \/>\n<meta name=\"twitter:site\" content=\"@TeamstersCanada\" \/>\n<meta name=\"twitter:label1\" content=\"Estimation du temps de lecture\" \/>\n\t<meta name=\"twitter:data1\" content=\"1 minute\" \/>\n<script type=\"application\/ld+json\" class=\"yoast-schema-graph\">{\"@context\":\"https:\/\/schema.org\",\"@graph\":[{\"@type\":\"WebPage\",\"@id\":\"https:\/\/teamsters.ca\/fr\/etre-membre\/fonds-de-greve\/\",\"url\":\"https:\/\/teamsters.ca\/fr\/etre-membre\/fonds-de-greve\/\",\"name\":\"Fonds de gr\u00e8ve | Teamsters Canada\",\"isPartOf\":{\"@id\":\"https:\/\/teamsters.ca\/fr\/#website\"},\"primaryImageOfPage\":{\"@id\":\"https:\/\/teamsters.ca\/fr\/etre-membre\/fonds-de-greve\/#primaryimage\"},\"image\":{\"@id\":\"https:\/\/teamsters.ca\/fr\/etre-membre\/fonds-de-greve\/#primaryimage\"},\"thumbnailUrl\":\"https:\/\/teamsters.ca\/wp-content\/uploads\/2015\/01\/23-cnr-striking-carmen.jpg\",\"datePublished\":\"2015-01-04T04:44:26+00:00\",\"dateModified\":\"2019-08-15T14:16:25+00:00\",\"breadcrumb\":{\"@id\":\"https:\/\/teamsters.ca\/fr\/etre-membre\/fonds-de-greve\/#breadcrumb\"},\"inLanguage\":\"fr-CA\",\"potentialAction\":[{\"@type\":\"ReadAction\",\"target\":[\"https:\/\/teamsters.ca\/fr\/etre-membre\/fonds-de-greve\/\"]}]},{\"@type\":\"ImageObject\",\"inLanguage\":\"fr-CA\",\"@id\":\"https:\/\/teamsters.ca\/fr\/etre-membre\/fonds-de-greve\/#primaryimage\",\"url\":\"https:\/\/teamsters.ca\/wp-content\/uploads\/2015\/01\/23-cnr-striking-carmen.jpg\",\"contentUrl\":\"https:\/\/teamsters.ca\/wp-content\/uploads\/2015\/01\/23-cnr-striking-carmen.jpg\",\"width\":1000,\"height\":766},{\"@type\":\"BreadcrumbList\",\"@id\":\"https:\/\/teamsters.ca\/fr\/etre-membre\/fonds-de-greve\/#breadcrumb\",\"itemListElement\":[{\"@type\":\"ListItem\",\"position\":1,\"name\":\"Home\",\"item\":\"https:\/\/teamsters.ca\/fr\/\"},{\"@type\":\"ListItem\",\"position\":2,\"name\":\"\u00catre membre\",\"item\":\"https:\/\/teamsters.ca\/fr\/etre-membre\/\"},{\"@type\":\"ListItem\",\"position\":3,\"name\":\"Fonds de gr\u00e8ve\"}]},{\"@type\":\"WebSite\",\"@id\":\"https:\/\/teamsters.ca\/fr\/#website\",\"url\":\"https:\/\/teamsters.ca\/fr\/\",\"name\":\"Teamsters Canada\",\"description\":\"A Canadian union representing over 125 000 members\",\"publisher\":{\"@id\":\"https:\/\/teamsters.ca\/fr\/#organization\"},\"potentialAction\":[{\"@type\":\"SearchAction\",\"target\":{\"@type\":\"EntryPoint\",\"urlTemplate\":\"https:\/\/teamsters.ca\/fr\/?s={search_term_string}\"},\"query-input\":{\"@type\":\"PropertyValueSpecification\",\"valueRequired\":true,\"valueName\":\"search_term_string\"}}],\"inLanguage\":\"fr-CA\"},{\"@type\":\"Organization\",\"@id\":\"https:\/\/teamsters.ca\/fr\/#organization\",\"name\":\"Teamsters Canada\",\"url\":\"https:\/\/teamsters.ca\/fr\/\",\"logo\":{\"@type\":\"ImageObject\",\"inLanguage\":\"fr-CA\",\"@id\":\"https:\/\/teamsters.ca\/fr\/#\/schema\/logo\/image\/\",\"url\":\"https:\/\/teamsters.ca\/wp-content\/uploads\/2019\/08\/TeamstersCanada.png\",\"contentUrl\":\"https:\/\/teamsters.ca\/wp-content\/uploads\/2019\/08\/TeamstersCanada.png\",\"width\":545,\"height\":181,\"caption\":\"Teamsters Canada\"},\"image\":{\"@id\":\"https:\/\/teamsters.ca\/fr\/#\/schema\/logo\/image\/\"},\"sameAs\":[\"https:\/\/www.facebook.com\/Teamsterscanada\/\",\"https:\/\/x.com\/TeamstersCanada\"]}]}<\/script>\n<!-- \/ Yoast SEO Premium plugin. -->","yoast_head_json":{"title":"Fonds de gr\u00e8ve | Teamsters Canada","robots":{"index":"index","follow":"follow","max-snippet":"max-snippet:-1","max-image-preview":"max-image-preview:large","max-video-preview":"max-video-preview:-1"},"canonical":"https:\/\/teamsters.ca\/fr\/etre-membre\/fonds-de-greve\/","og_locale":"fr_CA","og_type":"article","og_title":"Fonds de gr\u00e8ve","og_description":"Teamsters Canada peut cr\u00e9er un fonds de gr\u00e8ve pour soutenir nos travailleurs et leur famille. Trouvez ici ce que notre syndicat peut faire pour vous.","og_url":"https:\/\/teamsters.ca\/fr\/etre-membre\/fonds-de-greve\/","og_site_name":"Teamsters Canada","article_publisher":"https:\/\/www.facebook.com\/Teamsterscanada\/","article_modified_time":"2019-08-15T14:16:25+00:00","og_image":[{"width":1000,"height":766,"url":"https:\/\/teamsters.ca\/wp-content\/uploads\/2015\/01\/23-cnr-striking-carmen.jpg","type":"image\/jpeg"}],"twitter_card":"summary_large_image","twitter_site":"@TeamstersCanada","twitter_misc":{"Estimation du temps de lecture":"1 minute"},"schema":{"@context":"https:\/\/schema.org","@graph":[{"@type":"WebPage","@id":"https:\/\/teamsters.ca\/fr\/etre-membre\/fonds-de-greve\/","url":"https:\/\/teamsters.ca\/fr\/etre-membre\/fonds-de-greve\/","name":"Fonds de gr\u00e8ve | Teamsters Canada","isPartOf":{"@id":"https:\/\/teamsters.ca\/fr\/#website"},"primaryImageOfPage":{"@id":"https:\/\/teamsters.ca\/fr\/etre-membre\/fonds-de-greve\/#primaryimage"},"image":{"@id":"https:\/\/teamsters.ca\/fr\/etre-membre\/fonds-de-greve\/#primaryimage"},"thumbnailUrl":"https:\/\/teamsters.ca\/wp-content\/uploads\/2015\/01\/23-cnr-striking-carmen.jpg","datePublished":"2015-01-04T04:44:26+00:00","dateModified":"2019-08-15T14:16:25+00:00","breadcrumb":{"@id":"https:\/\/teamsters.ca\/fr\/etre-membre\/fonds-de-greve\/#breadcrumb"},"inLanguage":"fr-CA","potentialAction":[{"@type":"ReadAction","target":["https:\/\/teamsters.ca\/fr\/etre-membre\/fonds-de-greve\/"]}]},{"@type":"ImageObject","inLanguage":"fr-CA","@id":"https:\/\/teamsters.ca\/fr\/etre-membre\/fonds-de-greve\/#primaryimage","url":"https:\/\/teamsters.ca\/wp-content\/uploads\/2015\/01\/23-cnr-striking-carmen.jpg","contentUrl":"https:\/\/teamsters.ca\/wp-content\/uploads\/2015\/01\/23-cnr-striking-carmen.jpg","width":1000,"height":766},{"@type":"BreadcrumbList","@id":"https:\/\/teamsters.ca\/fr\/etre-membre\/fonds-de-greve\/#breadcrumb","itemListElement":[{"@type":"ListItem","position":1,"name":"Home","item":"https:\/\/teamsters.ca\/fr\/"},{"@type":"ListItem","position":2,"name":"\u00catre membre","item":"https:\/\/teamsters.ca\/fr\/etre-membre\/"},{"@type":"ListItem","position":3,"name":"Fonds de gr\u00e8ve"}]},{"@type":"WebSite","@id":"https:\/\/teamsters.ca\/fr\/#website","url":"https:\/\/teamsters.ca\/fr\/","name":"Teamsters Canada","description":"A Canadian union representing over 125 000 members","publisher":{"@id":"https:\/\/teamsters.ca\/fr\/#organization"},"potentialAction":[{"@type":"SearchAction","target":{"@type":"EntryPoint","urlTemplate":"https:\/\/teamsters.ca\/fr\/?s={search_term_string}"},"query-input":{"@type":"PropertyValueSpecification","valueRequired":true,"valueName":"search_term_string"}}],"inLanguage":"fr-CA"},{"@type":"Organization","@id":"https:\/\/teamsters.ca\/fr\/#organization","name":"Teamsters Canada","url":"https:\/\/teamsters.ca\/fr\/","logo":{"@type":"ImageObject","inLanguage":"fr-CA","@id":"https:\/\/teamsters.ca\/fr\/#\/schema\/logo\/image\/","url":"https:\/\/teamsters.ca\/wp-content\/uploads\/2019\/08\/TeamstersCanada.png","contentUrl":"https:\/\/teamsters.ca\/wp-content\/uploads\/2019\/08\/TeamstersCanada.png","width":545,"height":181,"caption":"Teamsters Canada"},"image":{"@id":"https:\/\/teamsters.ca\/fr\/#\/schema\/logo\/image\/"},"sameAs":["https:\/\/www.facebook.com\/Teamsterscanada\/","https:\/\/x.com\/TeamstersCanada"]}]}},"_links":{"self":[{"href":"https:\/\/teamsters.ca\/fr\/wp-json\/wp\/v2\/pages\/559","targetHints":{"allow":["GET"]}}],"collection":[{"href":"https:\/\/teamsters.ca\/fr\/wp-json\/wp\/v2\/pages"}],"about":[{"href":"https:\/\/teamsters.ca\/fr\/wp-json\/wp\/v2\/types\/page"}],"author":[{"embeddable":true,"href":"https:\/\/teamsters.ca\/fr\/wp-json\/wp\/v2\/users\/8"}],"replies":[{"embeddable":true,"href":"https:\/\/teamsters.ca\/fr\/wp-json\/wp\/v2\/comments?post=559"}],"version-history":[{"count":8,"href":"https:\/\/teamsters.ca\/fr\/wp-json\/wp\/v2\/pages\/559\/revisions"}],"predecessor-version":[{"id":15874,"href":"https:\/\/teamsters.ca\/fr\/wp-json\/wp\/v2\/pages\/559\/revisions\/15874"}],"up":[{"embeddable":true,"href":"https:\/\/teamsters.ca\/fr\/wp-json\/wp\/v2\/pages\/554"}],"wp:featuredmedia":[{"embeddable":true,"href":"https:\/\/teamsters.ca\/fr\/wp-json\/wp\/v2\/media\/906"}],"wp:attachment":[{"href":"https:\/\/teamsters.ca\/fr\/wp-json\/wp\/v2\/media?parent=559"}],"curies":[{"name":"wp","href":"https:\/\/api.w.org\/{rel}","templated":true}]}}