{"id":30121,"date":"2026-03-21T12:08:26","date_gmt":"2026-03-21T16:08:26","guid":{"rendered":"https:\/\/teamsters.ca\/?page_id=30121"},"modified":"2026-03-21T12:16:00","modified_gmt":"2026-03-21T16:16:00","slug":"renouvellement-de-la-convention-collective-purolator-2026","status":"publish","type":"page","link":"https:\/\/teamsters.ca\/fr\/renouvellement-de-la-convention-collective-purolator-2026\/","title":{"rendered":"Renouvellement de la convention collective Purolator 2026"},"content":{"rendered":"<div id=\"tdi_1\" class=\"tdc-zone\"><div class=\"tdc_zone tdi_2  wpb_row td-pb-row\"  >\n<style scoped>\n\/* custom css - generated by TagDiv Composer *\/\n\n\/* custom css - generated by TagDiv Composer *\/\n.tdi_2{\r\n                    min-height: 0;\r\n                }\n<\/style><div id=\"tdi_3\" class=\"tdc-row stretch_row_content td-stretch-content\"><div class=\"vc_row tdi_4  wpb_row td-pb-row\" >\n<style scoped>\n\/* custom css - generated by TagDiv Composer *\/\n\n\/* custom css - generated by TagDiv Composer *\/\n.tdi_4,\r\n                .tdi_4 .tdc-columns{\r\n                    min-height: 0;\r\n                }.tdi_4,\r\n\t\t\t\t.tdi_4 .tdc-columns{\r\n\t\t\t\t    display: block;\r\n\t\t\t\t}.tdi_4 .tdc-columns{\r\n\t\t\t\t    width: 100%;\r\n\t\t\t\t}.tdi_4:before,\r\n\t\t\t\t.tdi_4:after{\r\n\t\t\t\t    display: table;\r\n\t\t\t\t}\n<\/style><div class=\"vc_column tdi_6  wpb_column vc_column_container tdc-column td-pb-span12\">\n<style scoped>\n\/* custom css - generated by TagDiv Composer *\/\n\n\/* custom css - generated by TagDiv Composer *\/\n.tdi_6{\r\n                    vertical-align: baseline;\r\n                }.tdi_6 > .wpb_wrapper,\r\n\t\t\t\t.tdi_6 > .wpb_wrapper > .tdc-elements{\r\n\t\t\t\t    display: block;\r\n\t\t\t\t}.tdi_6 > .wpb_wrapper > .tdc-elements{\r\n\t\t\t\t    width: 100%;\r\n\t\t\t\t}.tdi_6 > .wpb_wrapper > .vc_row_inner{\r\n\t\t\t\t    width: auto;\r\n\t\t\t\t}.tdi_6 > .wpb_wrapper{\r\n\t\t\t\t    width: auto;\r\n\t\t\t\t    height: auto;\r\n\t\t\t\t}\n<\/style><div class=\"wpb_wrapper\" ><div class=\"tdm_block td_block_wrap tdm_block_hero tdi_7 tdm-content-horiz-center tdm-content-vert-center td-pb-border-top td_block_template_1 tdm_white_text  tdm-mobile-full td-fix-index\"  data-td-block-uid=\"tdi_7\" >\n<style>\n\/* custom css - generated by TagDiv Composer *\/\n.tdm_block_hero{\r\n                  -webkit-transform: translateZ(0);\r\n                  transform: translateZ(0);\r\n                }.tdm_block_hero:after{\r\n                  content: '';\r\n                  position: absolute;\r\n                  top: 0;\r\n                  left: 0;\r\n                  width: 100%;\r\n                  height: 100%;\r\n                  z-index: -1;\r\n                }.tdm_block_hero .td-block-row{\r\n                  position: relative;\r\n                  height: 600px;\r\n                }.tdm_block_hero.tdm-full-height .td-block-row{\r\n                  height: 100vh !important;\r\n                }.tdm_block_hero .tdm-text-wrap{\r\n                  margin: 40px 0;\r\n                }.tdm_block_hero .tdm-descr{\r\n                  margin-bottom: 0;\r\n                }.tdm_block_hero .tdm-buttons-wrap{\r\n                  margin: 31px -10px 0;\r\n                }.tdm_block_hero .tds-button{\r\n                  display: inline-block;\r\n                  margin-bottom: 10px;\r\n                }.tdm_block_hero .td-block-span12{\r\n                  position: absolute;\r\n                  top: 0;\r\n                  left: 0;\r\n                  width: 100%;\r\n                }.tdm_block_hero .tdm-title{\r\n                  margin-top: 0;\r\n                }.tdm_block_hero.tdm-content-vert-center .td-block-span12{\r\n                  top: 50%;\r\n                  -webkit-transform: translateY(-50%);\r\n                  transform: translateY(-50%);\r\n                }.tdm_block_hero.tdm-content-vert-bottom .td-block-span12{\r\n                  top: auto;\r\n                  bottom: 0;\r\n                }.tdm_block_hero .tdm-btn{\r\n                  margin-left: 10px;\r\n                  margin-right: 10px;\r\n                }.tdm_block_hero .tdm-btn:not(.tds-button2){\r\n                  -webkit-transform: none;\r\n                  transform: none;\r\n                }.tdi_7 .td-block-width{\r\n                    max-width: 1200px;\r\n                }.tdi_7 .td-block-row{\r\n                    height: 600px;\r\n                }body .tdi_7:after{\r\n\t\t\t\t\tbackground: -webkit-linear-gradient(0deg,rgba(0,0,0,0.85),rgba(22,112,191,0.85));background: linear-gradient(0deg,rgba(0,0,0,0.85),rgba(22,112,191,0.85));\r\n\t\t\t\t}.tdi_7:before{\r\n\t\t\t\t\tcontent: '';\r\n                    position: absolute;\r\n                    top: 0;\r\n                    left: 0;\r\n                    width: 100%;\r\n                    height: 100%;\r\n\t\t\t\t\tbackground-image: url(https:\/\/teamsters.ca\/wp-content\/uploads\/2026\/03\/complation.jpg);\r\n                    background-repeat: no-repeat;\r\n                    background-size: cover;\r\n                    background-position: center center;\r\n                    z-index: -1;\r\n\t\t\t\t\r\n\t\t\t\t\tbackground-position: top;\r\n\t\t\t\t}@media (max-width: 767px) {\r\n                  .tdm_block_hero .td-block-row .tdm-col {\r\n                    float: none;\r\n                  }\r\n                }\n<\/style><div class=\"td-block-width\"><div class=\"td-block-row\"><div class=\"td-block-span12 tdm-col\"><div class=\"tdm-text-wrap tdm-text-padding\"><div class=\"tds-title tds-title1 td-fix-index tdi_8 \"><h3 class=\"tdm-title tdm-title-bg\">Renouvellement de la convention collective Purolator 2026<\/h3><\/div><p class=\"tdm-descr\">Merci pour vos propositions et vos commentaires.\nToutes les demandes re\u00e7ues seront soigneusement compil\u00e9es et analys\u00e9es dans le cadre du processus de renouvellement de la convention collective.\nNous vous tiendrons inform\u00e9(e)s des prochaines \u00e9tapes ainsi que des suivis \u00e0 venir.\nVotre participation est essentielle et contribue directement \u00e0 la d\u00e9fense et \u00e0 l\u2019am\u00e9lioration de vos conditions de travail.<\/p><div class=\"tdm-buttons-wrap\">\n<style>\n\/* custom css - generated by TagDiv Composer *\/\nbody .tdi_9 .tdm-btn-icon:last-child{\r\n\t\t\t\t\tmargin-left: 14px;\r\n\t\t\t\t}.tdi_9{\r\n\t\t\t\t\tbox-shadow:  0px 2px 16px 0px rgba(0, 0, 0, 0.1);\r\n\t\t\t\t}.tdi_9:hover{\r\n\t\t\t\t\tbox-shadow:  0px 2px 26px 0px rgba(0, 0, 0, 0.1);\r\n\t\t\t\t}\n<\/style><div class=\"tds-button td-fix-index\"><a href=\"https:\/\/teamsters.ca\/fr\/sections-locales\/\"  title=\"Contactez votre Section Locale pour toutes questions\" class=\"tds-button3 tdm-btn tdm-btn-lg tdi_9 \" ><span class=\"tdm-btn-text\">Contactez votre Section Locale pour toutes questions<\/span><i class=\"tdm-btn-icon tdc-font-fa tdc-font-fa-chevron-right\"><\/i><\/a><\/div><\/div><\/div><\/div><\/div><\/div><\/div><\/div><\/div><\/div><\/div><div id=\"tdi_10\" class=\"tdc-row\"><div class=\"vc_row tdi_11  wpb_row td-pb-row\" >\n<style scoped>\n\/* custom css - generated by TagDiv Composer *\/\n\n\/* custom css - generated by TagDiv Composer *\/\n.tdi_11,\r\n                .tdi_11 .tdc-columns{\r\n                    min-height: 0;\r\n                }.tdi_11,\r\n\t\t\t\t.tdi_11 .tdc-columns{\r\n\t\t\t\t    display: block;\r\n\t\t\t\t}.tdi_11 .tdc-columns{\r\n\t\t\t\t    width: 100%;\r\n\t\t\t\t}.tdi_11:before,\r\n\t\t\t\t.tdi_11:after{\r\n\t\t\t\t    display: table;\r\n\t\t\t\t}\n<\/style><div class=\"vc_column tdi_13  wpb_column vc_column_container tdc-column td-pb-span12\">\n<style scoped>\n\/* custom css - generated by TagDiv Composer *\/\n\n\/* custom css - generated by TagDiv Composer *\/\n.tdi_13{\r\n                    vertical-align: baseline;\r\n                }.tdi_13 > .wpb_wrapper,\r\n\t\t\t\t.tdi_13 > .wpb_wrapper > .tdc-elements{\r\n\t\t\t\t    display: block;\r\n\t\t\t\t}.tdi_13 > .wpb_wrapper > .tdc-elements{\r\n\t\t\t\t    width: 100%;\r\n\t\t\t\t}.tdi_13 > .wpb_wrapper > .vc_row_inner{\r\n\t\t\t\t    width: auto;\r\n\t\t\t\t}.tdi_13 > .wpb_wrapper{\r\n\t\t\t\t    width: auto;\r\n\t\t\t\t    height: auto;\r\n\t\t\t\t}\n<\/style><div class=\"wpb_wrapper\" ><\/div><\/div><\/div><\/div><\/div><\/div>","protected":false},"excerpt":{"rendered":"","protected":false},"author":9,"featured_media":30129,"parent":0,"menu_order":0,"comment_status":"closed","ping_status":"closed","template":"","meta":{"ngg_post_thumbnail":0,"footnotes":""},"class_list":["post-30121","page","type-page","status-publish","has-post-thumbnail"],"yoast_head":"<!-- This site is optimized with the Yoast SEO Premium plugin v25.5 (Yoast SEO v25.5) - https:\/\/yoast.com\/wordpress\/plugins\/seo\/ -->\n<title>Renouvellement de la convention collective Purolator 2026 | Teamsters Canada<\/title>\n<meta name=\"robots\" content=\"index, follow, max-snippet:-1, max-image-preview:large, max-video-preview:-1\" \/>\n<link rel=\"canonical\" href=\"https:\/\/teamsters.ca\/fr\/renouvellement-de-la-convention-collective-purolator-2026\/\" \/>\n<meta property=\"og:locale\" content=\"fr_CA\" \/>\n<meta property=\"og:type\" content=\"article\" \/>\n<meta property=\"og:title\" content=\"Renouvellement de la convention collective Purolator 2026\" \/>\n<meta property=\"og:url\" content=\"https:\/\/teamsters.ca\/fr\/renouvellement-de-la-convention-collective-purolator-2026\/\" \/>\n<meta property=\"og:site_name\" content=\"Teamsters Canada\" \/>\n<meta property=\"article:publisher\" content=\"https:\/\/www.facebook.com\/Teamsterscanada\/\" \/>\n<meta property=\"article:modified_time\" content=\"2026-03-21T16:16:00+00:00\" \/>\n<meta property=\"og:image\" content=\"https:\/\/teamsters.ca\/wp-content\/uploads\/2026\/03\/complation-1.jpg\" \/>\n\t<meta property=\"og:image:width\" content=\"2000\" \/>\n\t<meta property=\"og:image:height\" content=\"1204\" \/>\n\t<meta property=\"og:image:type\" content=\"image\/jpeg\" \/>\n<meta name=\"twitter:card\" content=\"summary_large_image\" \/>\n<meta name=\"twitter:site\" content=\"@TeamstersCanada\" \/>\n<meta name=\"twitter:label1\" content=\"Estimation du temps de lecture\" \/>\n\t<meta name=\"twitter:data1\" content=\"1 minute\" \/>\n<script type=\"application\/ld+json\" class=\"yoast-schema-graph\">{\"@context\":\"https:\/\/schema.org\",\"@graph\":[{\"@type\":\"WebPage\",\"@id\":\"https:\/\/teamsters.ca\/fr\/renouvellement-de-la-convention-collective-purolator-2026\/\",\"url\":\"https:\/\/teamsters.ca\/fr\/renouvellement-de-la-convention-collective-purolator-2026\/\",\"name\":\"Renouvellement de la convention collective Purolator 2026 | Teamsters Canada\",\"isPartOf\":{\"@id\":\"https:\/\/teamsters.ca\/fr\/#website\"},\"primaryImageOfPage\":{\"@id\":\"https:\/\/teamsters.ca\/fr\/renouvellement-de-la-convention-collective-purolator-2026\/#primaryimage\"},\"image\":{\"@id\":\"https:\/\/teamsters.ca\/fr\/renouvellement-de-la-convention-collective-purolator-2026\/#primaryimage\"},\"thumbnailUrl\":\"https:\/\/teamsters.ca\/wp-content\/uploads\/2026\/03\/complation-1.jpg\",\"datePublished\":\"2026-03-21T16:08:26+00:00\",\"dateModified\":\"2026-03-21T16:16:00+00:00\",\"breadcrumb\":{\"@id\":\"https:\/\/teamsters.ca\/fr\/renouvellement-de-la-convention-collective-purolator-2026\/#breadcrumb\"},\"inLanguage\":\"fr-CA\",\"potentialAction\":[{\"@type\":\"ReadAction\",\"target\":[\"https:\/\/teamsters.ca\/fr\/renouvellement-de-la-convention-collective-purolator-2026\/\"]}]},{\"@type\":\"ImageObject\",\"inLanguage\":\"fr-CA\",\"@id\":\"https:\/\/teamsters.ca\/fr\/renouvellement-de-la-convention-collective-purolator-2026\/#primaryimage\",\"url\":\"https:\/\/teamsters.ca\/wp-content\/uploads\/2026\/03\/complation-1.jpg\",\"contentUrl\":\"https:\/\/teamsters.ca\/wp-content\/uploads\/2026\/03\/complation-1.jpg\",\"width\":2000,\"height\":1204},{\"@type\":\"BreadcrumbList\",\"@id\":\"https:\/\/teamsters.ca\/fr\/renouvellement-de-la-convention-collective-purolator-2026\/#breadcrumb\",\"itemListElement\":[{\"@type\":\"ListItem\",\"position\":1,\"name\":\"Home\",\"item\":\"https:\/\/teamsters.ca\/fr\/\"},{\"@type\":\"ListItem\",\"position\":2,\"name\":\"Renouvellement de la convention collective Purolator 2026\"}]},{\"@type\":\"WebSite\",\"@id\":\"https:\/\/teamsters.ca\/fr\/#website\",\"url\":\"https:\/\/teamsters.ca\/fr\/\",\"name\":\"Teamsters Canada\",\"description\":\"A Canadian union representing over 125 000 members\",\"publisher\":{\"@id\":\"https:\/\/teamsters.ca\/fr\/#organization\"},\"potentialAction\":[{\"@type\":\"SearchAction\",\"target\":{\"@type\":\"EntryPoint\",\"urlTemplate\":\"https:\/\/teamsters.ca\/fr\/?s={search_term_string}\"},\"query-input\":{\"@type\":\"PropertyValueSpecification\",\"valueRequired\":true,\"valueName\":\"search_term_string\"}}],\"inLanguage\":\"fr-CA\"},{\"@type\":\"Organization\",\"@id\":\"https:\/\/teamsters.ca\/fr\/#organization\",\"name\":\"Teamsters Canada\",\"url\":\"https:\/\/teamsters.ca\/fr\/\",\"logo\":{\"@type\":\"ImageObject\",\"inLanguage\":\"fr-CA\",\"@id\":\"https:\/\/teamsters.ca\/fr\/#\/schema\/logo\/image\/\",\"url\":\"https:\/\/teamsters.ca\/wp-content\/uploads\/2019\/08\/TeamstersCanada.png\",\"contentUrl\":\"https:\/\/teamsters.ca\/wp-content\/uploads\/2019\/08\/TeamstersCanada.png\",\"width\":545,\"height\":181,\"caption\":\"Teamsters Canada\"},\"image\":{\"@id\":\"https:\/\/teamsters.ca\/fr\/#\/schema\/logo\/image\/\"},\"sameAs\":[\"https:\/\/www.facebook.com\/Teamsterscanada\/\",\"https:\/\/x.com\/TeamstersCanada\"]}]}<\/script>\n<!-- \/ Yoast SEO Premium plugin. -->","yoast_head_json":{"title":"Renouvellement de la convention collective Purolator 2026 | Teamsters Canada","robots":{"index":"index","follow":"follow","max-snippet":"max-snippet:-1","max-image-preview":"max-image-preview:large","max-video-preview":"max-video-preview:-1"},"canonical":"https:\/\/teamsters.ca\/fr\/renouvellement-de-la-convention-collective-purolator-2026\/","og_locale":"fr_CA","og_type":"article","og_title":"Renouvellement de la convention collective Purolator 2026","og_url":"https:\/\/teamsters.ca\/fr\/renouvellement-de-la-convention-collective-purolator-2026\/","og_site_name":"Teamsters Canada","article_publisher":"https:\/\/www.facebook.com\/Teamsterscanada\/","article_modified_time":"2026-03-21T16:16:00+00:00","og_image":[{"width":2000,"height":1204,"url":"https:\/\/teamsters.ca\/wp-content\/uploads\/2026\/03\/complation-1.jpg","type":"image\/jpeg"}],"twitter_card":"summary_large_image","twitter_site":"@TeamstersCanada","twitter_misc":{"Estimation du temps de lecture":"1 minute"},"schema":{"@context":"https:\/\/schema.org","@graph":[{"@type":"WebPage","@id":"https:\/\/teamsters.ca\/fr\/renouvellement-de-la-convention-collective-purolator-2026\/","url":"https:\/\/teamsters.ca\/fr\/renouvellement-de-la-convention-collective-purolator-2026\/","name":"Renouvellement de la convention collective Purolator 2026 | Teamsters Canada","isPartOf":{"@id":"https:\/\/teamsters.ca\/fr\/#website"},"primaryImageOfPage":{"@id":"https:\/\/teamsters.ca\/fr\/renouvellement-de-la-convention-collective-purolator-2026\/#primaryimage"},"image":{"@id":"https:\/\/teamsters.ca\/fr\/renouvellement-de-la-convention-collective-purolator-2026\/#primaryimage"},"thumbnailUrl":"https:\/\/teamsters.ca\/wp-content\/uploads\/2026\/03\/complation-1.jpg","datePublished":"2026-03-21T16:08:26+00:00","dateModified":"2026-03-21T16:16:00+00:00","breadcrumb":{"@id":"https:\/\/teamsters.ca\/fr\/renouvellement-de-la-convention-collective-purolator-2026\/#breadcrumb"},"inLanguage":"fr-CA","potentialAction":[{"@type":"ReadAction","target":["https:\/\/teamsters.ca\/fr\/renouvellement-de-la-convention-collective-purolator-2026\/"]}]},{"@type":"ImageObject","inLanguage":"fr-CA","@id":"https:\/\/teamsters.ca\/fr\/renouvellement-de-la-convention-collective-purolator-2026\/#primaryimage","url":"https:\/\/teamsters.ca\/wp-content\/uploads\/2026\/03\/complation-1.jpg","contentUrl":"https:\/\/teamsters.ca\/wp-content\/uploads\/2026\/03\/complation-1.jpg","width":2000,"height":1204},{"@type":"BreadcrumbList","@id":"https:\/\/teamsters.ca\/fr\/renouvellement-de-la-convention-collective-purolator-2026\/#breadcrumb","itemListElement":[{"@type":"ListItem","position":1,"name":"Home","item":"https:\/\/teamsters.ca\/fr\/"},{"@type":"ListItem","position":2,"name":"Renouvellement de la convention collective Purolator 2026"}]},{"@type":"WebSite","@id":"https:\/\/teamsters.ca\/fr\/#website","url":"https:\/\/teamsters.ca\/fr\/","name":"Teamsters Canada","description":"A Canadian union representing over 125 000 members","publisher":{"@id":"https:\/\/teamsters.ca\/fr\/#organization"},"potentialAction":[{"@type":"SearchAction","target":{"@type":"EntryPoint","urlTemplate":"https:\/\/teamsters.ca\/fr\/?s={search_term_string}"},"query-input":{"@type":"PropertyValueSpecification","valueRequired":true,"valueName":"search_term_string"}}],"inLanguage":"fr-CA"},{"@type":"Organization","@id":"https:\/\/teamsters.ca\/fr\/#organization","name":"Teamsters Canada","url":"https:\/\/teamsters.ca\/fr\/","logo":{"@type":"ImageObject","inLanguage":"fr-CA","@id":"https:\/\/teamsters.ca\/fr\/#\/schema\/logo\/image\/","url":"https:\/\/teamsters.ca\/wp-content\/uploads\/2019\/08\/TeamstersCanada.png","contentUrl":"https:\/\/teamsters.ca\/wp-content\/uploads\/2019\/08\/TeamstersCanada.png","width":545,"height":181,"caption":"Teamsters Canada"},"image":{"@id":"https:\/\/teamsters.ca\/fr\/#\/schema\/logo\/image\/"},"sameAs":["https:\/\/www.facebook.com\/Teamsterscanada\/","https:\/\/x.com\/TeamstersCanada"]}]}},"_links":{"self":[{"href":"https:\/\/teamsters.ca\/fr\/wp-json\/wp\/v2\/pages\/30121","targetHints":{"allow":["GET"]}}],"collection":[{"href":"https:\/\/teamsters.ca\/fr\/wp-json\/wp\/v2\/pages"}],"about":[{"href":"https:\/\/teamsters.ca\/fr\/wp-json\/wp\/v2\/types\/page"}],"author":[{"embeddable":true,"href":"https:\/\/teamsters.ca\/fr\/wp-json\/wp\/v2\/users\/9"}],"replies":[{"embeddable":true,"href":"https:\/\/teamsters.ca\/fr\/wp-json\/wp\/v2\/comments?post=30121"}],"version-history":[{"count":2,"href":"https:\/\/teamsters.ca\/fr\/wp-json\/wp\/v2\/pages\/30121\/revisions"}],"predecessor-version":[{"id":30125,"href":"https:\/\/teamsters.ca\/fr\/wp-json\/wp\/v2\/pages\/30121\/revisions\/30125"}],"wp:featuredmedia":[{"embeddable":true,"href":"https:\/\/teamsters.ca\/fr\/wp-json\/wp\/v2\/media\/30129"}],"wp:attachment":[{"href":"https:\/\/teamsters.ca\/fr\/wp-json\/wp\/v2\/media?parent=30121"}],"curies":[{"name":"wp","href":"https:\/\/api.w.org\/{rel}","templated":true}]}}