{"id":22982,"date":"2022-03-25T10:01:00","date_gmt":"2022-03-25T14:01:00","guid":{"rendered":"https:\/\/teamsters.ca\/?page_id=22982"},"modified":"2022-03-25T11:34:37","modified_gmt":"2022-03-25T15:34:37","slug":"fiche-dinformation-molson-coors","status":"publish","type":"page","link":"https:\/\/teamsters.ca\/fr\/fiche-dinformation-molson-coors\/","title":{"rendered":"Fiche d\u2019information \u2014 Molson Coors"},"content":{"rendered":"\n<h2 class=\"wp-block-heading\">Molson-Coors<\/h2>\n\n\n\n<div class=\"wp-block-media-text has-media-on-the-right is-stacked-on-mobile\" style=\"grid-template-columns:auto 40%\"><figure class=\"wp-block-media-text__media\"><img loading=\"lazy\" decoding=\"async\" width=\"1024\" height=\"631\" src=\"https:\/\/teamsters.ca\/wp-content\/uploads\/2022\/03\/Screen-Shot-2022-03-24-at-6.36.48-PM-1024x631.png\" alt=\"\" class=\"wp-image-22999 size-full\" srcset=\"https:\/\/teamsters.ca\/wp-content\/uploads\/2022\/03\/Screen-Shot-2022-03-24-at-6.36.48-PM-1024x631.png 1024w, https:\/\/teamsters.ca\/wp-content\/uploads\/2022\/03\/Screen-Shot-2022-03-24-at-6.36.48-PM-300x185.png 300w, https:\/\/teamsters.ca\/wp-content\/uploads\/2022\/03\/Screen-Shot-2022-03-24-at-6.36.48-PM-150x92.png 150w, https:\/\/teamsters.ca\/wp-content\/uploads\/2022\/03\/Screen-Shot-2022-03-24-at-6.36.48-PM-768x473.png 768w, https:\/\/teamsters.ca\/wp-content\/uploads\/2022\/03\/Screen-Shot-2022-03-24-at-6.36.48-PM-696x429.png 696w, https:\/\/teamsters.ca\/wp-content\/uploads\/2022\/03\/Screen-Shot-2022-03-24-at-6.36.48-PM-1068x658.png 1068w, https:\/\/teamsters.ca\/wp-content\/uploads\/2022\/03\/Screen-Shot-2022-03-24-at-6.36.48-PM-681x420.png 681w, https:\/\/teamsters.ca\/wp-content\/uploads\/2022\/03\/Screen-Shot-2022-03-24-at-6.36.48-PM-356x220.png 356w, https:\/\/teamsters.ca\/wp-content\/uploads\/2022\/03\/Screen-Shot-2022-03-24-at-6.36.48-PM.png 1194w\" sizes=\"auto, (max-width: 1024px) 100vw, 1024px\" \/><\/figure><div class=\"wp-block-media-text__content\">\n<p>Molson-Coors est le 5e plus grand brasseur au monde, avec 17k travailleurs et travailleuses.<\/p>\n\n\n\n<p>Les ventes nettes du brasseur sont pass\u00e9es de 9,7&nbsp;milliards en 2020 \u00e0&nbsp;10,3&nbsp;milliards en 2021, une hausse de 6,5&nbsp;%.<\/p>\n\n\n\n<p>Au dernier trimestre de l\u2019ann\u00e9e 2020, la hausse du chiffre d\u2019affaires a atteint 14,2&nbsp;%,&nbsp;\u00e0&nbsp;2,6&nbsp;milliards&nbsp;US.<\/p>\n\n\n\n<p>Le PDG de Molson-Coors est Gavin D.K. Hattersley. De 2019&nbsp;\u00e0&nbsp;2020, sa r\u00e9mun\u00e9ration est pass\u00e9e de 5,16 M$ en 2019&nbsp;\u00e0&nbsp;6,8 M$ en 2020.<\/p>\n\n\n\n<p>La Cheffe de la direction des finances est Tracey I. Joubert. En 2020, elle a engrang\u00e9&nbsp;2,9 M$,<\/p>\n<\/div><\/div>\n\n\n\n<h3 class=\"has-text-align-center wp-block-heading\"><strong>Pendant ce temps, en moyenne, les travailleurs et les travailleuses de la nouvelle usine Molson \u00e0 Longueuil gagnent 66 000 $ par ann\u00e9e.<\/strong><\/h3>\n\n\n\n<figure class=\"wp-block-image size-large\"><img loading=\"lazy\" decoding=\"async\" width=\"1024\" height=\"248\" src=\"https:\/\/teamsters.ca\/wp-content\/uploads\/2022\/03\/salaire-1024x248.jpg\" alt=\"\" class=\"wp-image-22984\" srcset=\"https:\/\/teamsters.ca\/wp-content\/uploads\/2022\/03\/salaire-1024x248.jpg 1024w, https:\/\/teamsters.ca\/wp-content\/uploads\/2022\/03\/salaire-300x73.jpg 300w, https:\/\/teamsters.ca\/wp-content\/uploads\/2022\/03\/salaire-150x36.jpg 150w, https:\/\/teamsters.ca\/wp-content\/uploads\/2022\/03\/salaire-768x186.jpg 768w, https:\/\/teamsters.ca\/wp-content\/uploads\/2022\/03\/salaire-696x168.jpg 696w, https:\/\/teamsters.ca\/wp-content\/uploads\/2022\/03\/salaire-1068x258.jpg 1068w, https:\/\/teamsters.ca\/wp-content\/uploads\/2022\/03\/salaire.jpg 1290w\" sizes=\"auto, (max-width: 1024px) 100vw, 1024px\" \/><\/figure>\n\n\n\n<p>Le&nbsp;taux d\u2019inflation au Qu\u00e9bec en 2022&nbsp;devrait tourner autour de 4,65 %, selon les pr\u00e9visions du gouvernement du Qu\u00e9bec. Molson-Coors offre une augmentation inf\u00e9rieure au taux d\u2019inflation.<\/p>\n\n\n\n<p>Andrew et Geoffrey Molson sont membres du conseil d&rsquo;administration de la brasserie Molson-Coors. Sa famille est l\u2019ancien actionnaire majoritaire de ces usines de brassage.<\/p>\n\n\n\n<p>Jusqu\u2019au tournant des ann\u00e9es 2000, les relations syndicales patronales \u00e9taient bien meilleures que depuis que Coors a pris le contr\u00f4le de Molson.<\/p>\n\n\n\n<p>L\u2019approche de n\u00e9gociations \u00e0 sens unique adopt\u00e9e lors de cette ronde co\u00efncide clairement avec la transfert du contr\u00f4le des op\u00e9rations vers l\u2019international. Rappelons que la brasserie n\u2019a pas h\u00e9sit\u00e9 \u00e0 mettre les 300 travailleurs de l\u2019usine de Toronto en&nbsp;<a href=\"https:\/\/www.thestar.com\/business\/2021\/02\/20\/molson-locks-out-employees-at-toronto-brewery.html\" target=\"_blank\" rel=\"noreferrer noopener\">lock-out<\/a>&nbsp;pendant six semaines \u00e0&nbsp;l\u2019hiver 2021.<\/p>\n\n\n\n<figure class=\"wp-block-image size-large\"><img loading=\"lazy\" decoding=\"async\" width=\"1024\" height=\"388\" src=\"https:\/\/teamsters.ca\/wp-content\/uploads\/2022\/03\/star-1024x388.jpg\" alt=\"\" class=\"wp-image-22986\" srcset=\"https:\/\/teamsters.ca\/wp-content\/uploads\/2022\/03\/star-1024x388.jpg 1024w, https:\/\/teamsters.ca\/wp-content\/uploads\/2022\/03\/star-300x114.jpg 300w, https:\/\/teamsters.ca\/wp-content\/uploads\/2022\/03\/star-150x57.jpg 150w, https:\/\/teamsters.ca\/wp-content\/uploads\/2022\/03\/star-768x291.jpg 768w, https:\/\/teamsters.ca\/wp-content\/uploads\/2022\/03\/star-1536x582.jpg 1536w, https:\/\/teamsters.ca\/wp-content\/uploads\/2022\/03\/star-696x264.jpg 696w, https:\/\/teamsters.ca\/wp-content\/uploads\/2022\/03\/star-1068x405.jpg 1068w, https:\/\/teamsters.ca\/wp-content\/uploads\/2022\/03\/star-1108x420.jpg 1108w, https:\/\/teamsters.ca\/wp-content\/uploads\/2022\/03\/star.jpg 1686w\" sizes=\"auto, (max-width: 1024px) 100vw, 1024px\" \/><\/figure>\n\n\n\n<p>En effet, la brasserie a restructur\u00e9 ses unit\u00e9s d\u2019affaires en 2020 afin de diminuer ses co\u00fbts. Il y a, dor\u00e9navant, une unit\u00e9 pour&nbsp;l\u2019Am\u00e9rique du Nord et une unit\u00e9&nbsp;pour l\u2019Europe. Ce faisant, ils ont d\u00e9natur\u00e9 les relations de travail et leur engagement historique&nbsp;\u00e0&nbsp;offrir&nbsp;des emplois de qualit\u00e9&nbsp;et&nbsp;\u00e0 maintenir des liens \u00e9troits avec la communaut\u00e9 du Grand Montr\u00e9al.&nbsp;<\/p>\n\n\n\n<p>Les dirigeants am\u00e9ricains n\u2019ont aucune id\u00e9e &#8211; et sont indiff\u00e9rents &#8211;&nbsp;\u00e0&nbsp;l\u2019histoire et \u00e0 la tradition de la brasserie Molson \u00e0&nbsp;Montr\u00e9al, au Qu\u00e9bec, et au Canada.<\/p>\n\n\n\n<h2 class=\"wp-block-heading\">L\u2019usine<\/h2>\n\n\n\n<ul class=\"wp-block-list\"><li>Les salari\u00e9\u00b7es de l\u2019usine de Montr\u00e9al sont au nombre de <strong>420<\/strong>.&nbsp;<\/li><\/ul>\n\n\n\n<ul class=\"wp-block-list\"><li>Salaire moyen : <strong>66 000 $\/ann\u00e9es<\/strong><\/li><\/ul>\n\n\n\n<ul class=\"wp-block-list\"><li>Plus de <strong>170 postes syndiqu\u00e9s ont \u00e9t\u00e9 abolis<\/strong> avec le d\u00e9m\u00e9nagement, soit un tiers des effectifs<\/li><\/ul>\n\n\n\n<ul class=\"wp-block-list\"><li><strong>Contributions et sacrifices des employ\u00e9s<\/strong> lors du d\u00e9m\u00e9nagement<\/li><\/ul>\n\n\n\n<ul class=\"wp-block-list\"><li>Historiquement, l\u2019usine de la rue Notre-Dame a d\u00e9j\u00e0 compt\u00e9 jusqu\u2019\u00e0 <strong>2000 travailleurs et travailleuses.<\/strong><\/li><\/ul>\n\n\n\n<ul class=\"wp-block-list\"><li>En 2011 l\u2019usine comptait <strong>890 travailleurs et travailleuses<\/strong>. En 2022, c\u2019est 424 salari\u00e9\u00b7es qui y travaillent. L\u2019entreprise pr\u00e9voit <strong>r\u00e9duire \u00e0 355<\/strong>.<\/li><\/ul>\n\n\n\n<ul class=\"wp-block-list\"><li>Le contrat de travail a \u00e9chu le <strong>31 d\u00e9cembre 2021<\/strong>.<\/li><\/ul>\n\n\n\n<ul class=\"wp-block-list\"><li>Les derni\u00e8res <strong>offres patronales ont \u00e9t\u00e9 rejet\u00e9es \u00e0 99 %<\/strong> lors d\u2019une assembl\u00e9e tenue le 20 mars dernier. Les syndiqu\u00e9\u00b7es ont vot\u00e9 \u00e9galement \u00e0 99 % pour un d\u00e9brayage.&nbsp;<\/li><\/ul>\n\n\n\n<ul class=\"wp-block-list\"><li>Les points en litige sont, notamment, les salaires et le fait que l\u2019employeur impose une offre finale qui n\u2019a pas \u00e9t\u00e9 n\u00e9goci\u00e9e. Bref, il s\u2019agit de <strong>pourparlers \u00e0 sens unique<\/strong>.<\/li><\/ul>\n\n\n\n<h2 class=\"wp-block-heading\">Le syndicat des Teamsters<\/h2>\n\n\n\n<ul class=\"wp-block-list\"><li>Le syndicat des Teamsters repr\u00e9sente les int\u00e9r\u00eats de <strong>1,4 million de travailleuses et de travailleurs<\/strong> en Am\u00e9rique du Nord.<\/li><\/ul>\n\n\n\n<ul class=\"wp-block-list\"><li><strong>Plusieurs dizaines de milliers de nos travailleurs \u0153uvrent dans notre Division des brasseries et des boissons gazeuses<\/strong> en Am\u00e9rique du Nord.<\/li><\/ul>\n\n\n\n<ul class=\"wp-block-list\"><li>La bouteille brune, qui permettait d\u2019employer plus de travailleurs et travailleuses, est en train de dispara\u00eetre aux profits de la canette, qui est un contenant beaucoup moins \u00e9cologique.<\/li><\/ul>\n\n\n\n<ul class=\"wp-block-list\"><li><strong>La Section locale 1999 des Teamsters repr\u00e9sente pr\u00e8s de 1500 travailleurs et travailleuses<\/strong> dans les brasseries Molson-Coors, Labatt et Sleeman.<\/li><\/ul>\n\n\n\n<figure class=\"wp-block-image size-full\"><a href=\"https:\/\/teamsters.ca\/wp-content\/uploads\/2022\/03\/Fiche_Information_Molson.pdf\" target=\"_blank\" rel=\"noopener\"><img loading=\"lazy\" decoding=\"async\" width=\"320\" height=\"61\" src=\"https:\/\/teamsters.ca\/wp-content\/uploads\/2022\/03\/TELECHARGER.jpg\" alt=\"\" class=\"wp-image-23078\" srcset=\"https:\/\/teamsters.ca\/wp-content\/uploads\/2022\/03\/TELECHARGER.jpg 320w, https:\/\/teamsters.ca\/wp-content\/uploads\/2022\/03\/TELECHARGER-300x57.jpg 300w, https:\/\/teamsters.ca\/wp-content\/uploads\/2022\/03\/TELECHARGER-150x29.jpg 150w\" sizes=\"auto, (max-width: 320px) 100vw, 320px\" \/><\/a><\/figure>\n\n\n\n<figure class=\"wp-block-embed is-type-video is-provider-youtube wp-block-embed-youtube wp-embed-aspect-16-9 wp-has-aspect-ratio\"><div class=\"wp-block-embed__wrapper\">\n<iframe loading=\"lazy\" title=\"Molson on Strike! Gr\u00e8ve chez Molson.\" width=\"696\" height=\"392\" src=\"https:\/\/www.youtube.com\/embed\/IpTcWvezXSA?feature=oembed\" frameborder=\"0\" allow=\"accelerometer; autoplay; clipboard-write; encrypted-media; gyroscope; picture-in-picture\" allowfullscreen><\/iframe>\n<\/div><\/figure>\n\n\n\n<figure class=\"wp-block-image size-large\"><img loading=\"lazy\" decoding=\"async\" width=\"881\" height=\"1024\" src=\"https:\/\/teamsters.ca\/wp-content\/uploads\/2022\/03\/AFFICHE-881x1024.jpg\" alt=\"\" class=\"wp-image-22993\" srcset=\"https:\/\/teamsters.ca\/wp-content\/uploads\/2022\/03\/AFFICHE-881x1024.jpg 881w, https:\/\/teamsters.ca\/wp-content\/uploads\/2022\/03\/AFFICHE-258x300.jpg 258w, https:\/\/teamsters.ca\/wp-content\/uploads\/2022\/03\/AFFICHE-129x150.jpg 129w, https:\/\/teamsters.ca\/wp-content\/uploads\/2022\/03\/AFFICHE-768x893.jpg 768w, https:\/\/teamsters.ca\/wp-content\/uploads\/2022\/03\/AFFICHE-696x809.jpg 696w, https:\/\/teamsters.ca\/wp-content\/uploads\/2022\/03\/AFFICHE-1068x1242.jpg 1068w, https:\/\/teamsters.ca\/wp-content\/uploads\/2022\/03\/AFFICHE-361x420.jpg 361w, https:\/\/teamsters.ca\/wp-content\/uploads\/2022\/03\/AFFICHE.jpg 1080w\" sizes=\"auto, (max-width: 881px) 100vw, 881px\" \/><\/figure>\n","protected":false},"excerpt":{"rendered":"<p>Molson-Coors Molson-Coors est le 5e plus grand brasseur au monde, avec 17k travailleurs et travailleuses. Les ventes nettes du brasseur sont pass\u00e9es de 9,7&nbsp;milliards en 2020 \u00e0&nbsp;10,3&nbsp;milliards en 2021, une hausse de 6,5&nbsp;%. Au dernier trimestre de l\u2019ann\u00e9e 2020, la hausse du chiffre d\u2019affaires a atteint 14,2&nbsp;%,&nbsp;\u00e0&nbsp;2,6&nbsp;milliards&nbsp;US. Le PDG de Molson-Coors est Gavin D.K. Hattersley. [&hellip;]<\/p>\n","protected":false},"author":8,"featured_media":23053,"parent":0,"menu_order":0,"comment_status":"closed","ping_status":"closed","template":"","meta":{"ngg_post_thumbnail":0,"footnotes":""},"class_list":["post-22982","page","type-page","status-publish","has-post-thumbnail"],"yoast_head":"<!-- This site is optimized with the Yoast SEO Premium plugin v25.5 (Yoast SEO v25.5) - https:\/\/yoast.com\/wordpress\/plugins\/seo\/ -->\n<title>Fiche d\u2019information \u2014 Molson Coors | Teamsters Canada<\/title>\n<meta name=\"robots\" content=\"index, follow, max-snippet:-1, max-image-preview:large, max-video-preview:-1\" \/>\n<link rel=\"canonical\" href=\"https:\/\/teamsters.ca\/fr\/fiche-dinformation-molson-coors\/\" \/>\n<meta property=\"og:locale\" content=\"fr_CA\" \/>\n<meta property=\"og:type\" content=\"article\" \/>\n<meta property=\"og:title\" content=\"Fiche d\u2019information \u2014 Molson Coors\" \/>\n<meta property=\"og:description\" content=\"Molson-Coors Molson-Coors est le 5e plus grand brasseur au monde, avec 17k travailleurs et travailleuses. Les ventes nettes du brasseur sont pass\u00e9es de 9,7&nbsp;milliards en 2020 \u00e0&nbsp;10,3&nbsp;milliards en 2021, une hausse de 6,5&nbsp;%. Au dernier trimestre de l\u2019ann\u00e9e 2020, la hausse du chiffre d\u2019affaires a atteint 14,2&nbsp;%,&nbsp;\u00e0&nbsp;2,6&nbsp;milliards&nbsp;US. Le PDG de Molson-Coors est Gavin D.K. Hattersley. [&hellip;]\" \/>\n<meta property=\"og:url\" content=\"https:\/\/teamsters.ca\/fr\/fiche-dinformation-molson-coors\/\" \/>\n<meta property=\"og:site_name\" content=\"Teamsters Canada\" \/>\n<meta property=\"article:publisher\" content=\"https:\/\/www.facebook.com\/Teamsterscanada\/\" \/>\n<meta property=\"article:modified_time\" content=\"2022-03-25T15:34:37+00:00\" \/>\n<meta property=\"og:image\" content=\"https:\/\/teamsters.ca\/wp-content\/uploads\/2022\/03\/grateuxBOSSESpage.jpg\" \/>\n\t<meta property=\"og:image:width\" content=\"1166\" \/>\n\t<meta property=\"og:image:height\" content=\"768\" \/>\n\t<meta property=\"og:image:type\" content=\"image\/jpeg\" \/>\n<meta name=\"twitter:card\" content=\"summary_large_image\" \/>\n<meta name=\"twitter:site\" content=\"@TeamstersCanada\" \/>\n<meta name=\"twitter:label1\" content=\"Estimation du temps de lecture\" \/>\n\t<meta name=\"twitter:data1\" content=\"3 minutes\" \/>\n<script type=\"application\/ld+json\" class=\"yoast-schema-graph\">{\"@context\":\"https:\/\/schema.org\",\"@graph\":[{\"@type\":\"WebPage\",\"@id\":\"https:\/\/teamsters.ca\/fr\/fiche-dinformation-molson-coors\/\",\"url\":\"https:\/\/teamsters.ca\/fr\/fiche-dinformation-molson-coors\/\",\"name\":\"Fiche d\u2019information \u2014 Molson Coors | Teamsters Canada\",\"isPartOf\":{\"@id\":\"https:\/\/teamsters.ca\/fr\/#website\"},\"primaryImageOfPage\":{\"@id\":\"https:\/\/teamsters.ca\/fr\/fiche-dinformation-molson-coors\/#primaryimage\"},\"image\":{\"@id\":\"https:\/\/teamsters.ca\/fr\/fiche-dinformation-molson-coors\/#primaryimage\"},\"thumbnailUrl\":\"https:\/\/teamsters.ca\/wp-content\/uploads\/2022\/03\/grateuxBOSSESpage.jpg\",\"datePublished\":\"2022-03-25T14:01:00+00:00\",\"dateModified\":\"2022-03-25T15:34:37+00:00\",\"breadcrumb\":{\"@id\":\"https:\/\/teamsters.ca\/fr\/fiche-dinformation-molson-coors\/#breadcrumb\"},\"inLanguage\":\"fr-CA\",\"potentialAction\":[{\"@type\":\"ReadAction\",\"target\":[\"https:\/\/teamsters.ca\/fr\/fiche-dinformation-molson-coors\/\"]}]},{\"@type\":\"ImageObject\",\"inLanguage\":\"fr-CA\",\"@id\":\"https:\/\/teamsters.ca\/fr\/fiche-dinformation-molson-coors\/#primaryimage\",\"url\":\"https:\/\/teamsters.ca\/wp-content\/uploads\/2022\/03\/grateuxBOSSESpage.jpg\",\"contentUrl\":\"https:\/\/teamsters.ca\/wp-content\/uploads\/2022\/03\/grateuxBOSSESpage.jpg\",\"width\":1166,\"height\":768},{\"@type\":\"BreadcrumbList\",\"@id\":\"https:\/\/teamsters.ca\/fr\/fiche-dinformation-molson-coors\/#breadcrumb\",\"itemListElement\":[{\"@type\":\"ListItem\",\"position\":1,\"name\":\"Home\",\"item\":\"https:\/\/teamsters.ca\/fr\/\"},{\"@type\":\"ListItem\",\"position\":2,\"name\":\"Fiche d\u2019information \u2014 Molson Coors\"}]},{\"@type\":\"WebSite\",\"@id\":\"https:\/\/teamsters.ca\/fr\/#website\",\"url\":\"https:\/\/teamsters.ca\/fr\/\",\"name\":\"Teamsters Canada\",\"description\":\"A Canadian union representing over 125 000 members\",\"publisher\":{\"@id\":\"https:\/\/teamsters.ca\/fr\/#organization\"},\"potentialAction\":[{\"@type\":\"SearchAction\",\"target\":{\"@type\":\"EntryPoint\",\"urlTemplate\":\"https:\/\/teamsters.ca\/fr\/?s={search_term_string}\"},\"query-input\":{\"@type\":\"PropertyValueSpecification\",\"valueRequired\":true,\"valueName\":\"search_term_string\"}}],\"inLanguage\":\"fr-CA\"},{\"@type\":\"Organization\",\"@id\":\"https:\/\/teamsters.ca\/fr\/#organization\",\"name\":\"Teamsters Canada\",\"url\":\"https:\/\/teamsters.ca\/fr\/\",\"logo\":{\"@type\":\"ImageObject\",\"inLanguage\":\"fr-CA\",\"@id\":\"https:\/\/teamsters.ca\/fr\/#\/schema\/logo\/image\/\",\"url\":\"https:\/\/teamsters.ca\/wp-content\/uploads\/2019\/08\/TeamstersCanada.png\",\"contentUrl\":\"https:\/\/teamsters.ca\/wp-content\/uploads\/2019\/08\/TeamstersCanada.png\",\"width\":545,\"height\":181,\"caption\":\"Teamsters Canada\"},\"image\":{\"@id\":\"https:\/\/teamsters.ca\/fr\/#\/schema\/logo\/image\/\"},\"sameAs\":[\"https:\/\/www.facebook.com\/Teamsterscanada\/\",\"https:\/\/x.com\/TeamstersCanada\"]}]}<\/script>\n<!-- \/ Yoast SEO Premium plugin. -->","yoast_head_json":{"title":"Fiche d\u2019information \u2014 Molson Coors | Teamsters Canada","robots":{"index":"index","follow":"follow","max-snippet":"max-snippet:-1","max-image-preview":"max-image-preview:large","max-video-preview":"max-video-preview:-1"},"canonical":"https:\/\/teamsters.ca\/fr\/fiche-dinformation-molson-coors\/","og_locale":"fr_CA","og_type":"article","og_title":"Fiche d\u2019information \u2014 Molson Coors","og_description":"Molson-Coors Molson-Coors est le 5e plus grand brasseur au monde, avec 17k travailleurs et travailleuses. Les ventes nettes du brasseur sont pass\u00e9es de 9,7&nbsp;milliards en 2020 \u00e0&nbsp;10,3&nbsp;milliards en 2021, une hausse de 6,5&nbsp;%. Au dernier trimestre de l\u2019ann\u00e9e 2020, la hausse du chiffre d\u2019affaires a atteint 14,2&nbsp;%,&nbsp;\u00e0&nbsp;2,6&nbsp;milliards&nbsp;US. Le PDG de Molson-Coors est Gavin D.K. Hattersley. [&hellip;]","og_url":"https:\/\/teamsters.ca\/fr\/fiche-dinformation-molson-coors\/","og_site_name":"Teamsters Canada","article_publisher":"https:\/\/www.facebook.com\/Teamsterscanada\/","article_modified_time":"2022-03-25T15:34:37+00:00","og_image":[{"width":1166,"height":768,"url":"https:\/\/teamsters.ca\/wp-content\/uploads\/2022\/03\/grateuxBOSSESpage.jpg","type":"image\/jpeg"}],"twitter_card":"summary_large_image","twitter_site":"@TeamstersCanada","twitter_misc":{"Estimation du temps de lecture":"3 minutes"},"schema":{"@context":"https:\/\/schema.org","@graph":[{"@type":"WebPage","@id":"https:\/\/teamsters.ca\/fr\/fiche-dinformation-molson-coors\/","url":"https:\/\/teamsters.ca\/fr\/fiche-dinformation-molson-coors\/","name":"Fiche d\u2019information \u2014 Molson Coors | Teamsters Canada","isPartOf":{"@id":"https:\/\/teamsters.ca\/fr\/#website"},"primaryImageOfPage":{"@id":"https:\/\/teamsters.ca\/fr\/fiche-dinformation-molson-coors\/#primaryimage"},"image":{"@id":"https:\/\/teamsters.ca\/fr\/fiche-dinformation-molson-coors\/#primaryimage"},"thumbnailUrl":"https:\/\/teamsters.ca\/wp-content\/uploads\/2022\/03\/grateuxBOSSESpage.jpg","datePublished":"2022-03-25T14:01:00+00:00","dateModified":"2022-03-25T15:34:37+00:00","breadcrumb":{"@id":"https:\/\/teamsters.ca\/fr\/fiche-dinformation-molson-coors\/#breadcrumb"},"inLanguage":"fr-CA","potentialAction":[{"@type":"ReadAction","target":["https:\/\/teamsters.ca\/fr\/fiche-dinformation-molson-coors\/"]}]},{"@type":"ImageObject","inLanguage":"fr-CA","@id":"https:\/\/teamsters.ca\/fr\/fiche-dinformation-molson-coors\/#primaryimage","url":"https:\/\/teamsters.ca\/wp-content\/uploads\/2022\/03\/grateuxBOSSESpage.jpg","contentUrl":"https:\/\/teamsters.ca\/wp-content\/uploads\/2022\/03\/grateuxBOSSESpage.jpg","width":1166,"height":768},{"@type":"BreadcrumbList","@id":"https:\/\/teamsters.ca\/fr\/fiche-dinformation-molson-coors\/#breadcrumb","itemListElement":[{"@type":"ListItem","position":1,"name":"Home","item":"https:\/\/teamsters.ca\/fr\/"},{"@type":"ListItem","position":2,"name":"Fiche d\u2019information \u2014 Molson Coors"}]},{"@type":"WebSite","@id":"https:\/\/teamsters.ca\/fr\/#website","url":"https:\/\/teamsters.ca\/fr\/","name":"Teamsters Canada","description":"A Canadian union representing over 125 000 members","publisher":{"@id":"https:\/\/teamsters.ca\/fr\/#organization"},"potentialAction":[{"@type":"SearchAction","target":{"@type":"EntryPoint","urlTemplate":"https:\/\/teamsters.ca\/fr\/?s={search_term_string}"},"query-input":{"@type":"PropertyValueSpecification","valueRequired":true,"valueName":"search_term_string"}}],"inLanguage":"fr-CA"},{"@type":"Organization","@id":"https:\/\/teamsters.ca\/fr\/#organization","name":"Teamsters Canada","url":"https:\/\/teamsters.ca\/fr\/","logo":{"@type":"ImageObject","inLanguage":"fr-CA","@id":"https:\/\/teamsters.ca\/fr\/#\/schema\/logo\/image\/","url":"https:\/\/teamsters.ca\/wp-content\/uploads\/2019\/08\/TeamstersCanada.png","contentUrl":"https:\/\/teamsters.ca\/wp-content\/uploads\/2019\/08\/TeamstersCanada.png","width":545,"height":181,"caption":"Teamsters Canada"},"image":{"@id":"https:\/\/teamsters.ca\/fr\/#\/schema\/logo\/image\/"},"sameAs":["https:\/\/www.facebook.com\/Teamsterscanada\/","https:\/\/x.com\/TeamstersCanada"]}]}},"_links":{"self":[{"href":"https:\/\/teamsters.ca\/fr\/wp-json\/wp\/v2\/pages\/22982","targetHints":{"allow":["GET"]}}],"collection":[{"href":"https:\/\/teamsters.ca\/fr\/wp-json\/wp\/v2\/pages"}],"about":[{"href":"https:\/\/teamsters.ca\/fr\/wp-json\/wp\/v2\/types\/page"}],"author":[{"embeddable":true,"href":"https:\/\/teamsters.ca\/fr\/wp-json\/wp\/v2\/users\/8"}],"replies":[{"embeddable":true,"href":"https:\/\/teamsters.ca\/fr\/wp-json\/wp\/v2\/comments?post=22982"}],"version-history":[{"count":25,"href":"https:\/\/teamsters.ca\/fr\/wp-json\/wp\/v2\/pages\/22982\/revisions"}],"predecessor-version":[{"id":23088,"href":"https:\/\/teamsters.ca\/fr\/wp-json\/wp\/v2\/pages\/22982\/revisions\/23088"}],"wp:featuredmedia":[{"embeddable":true,"href":"https:\/\/teamsters.ca\/fr\/wp-json\/wp\/v2\/media\/23053"}],"wp:attachment":[{"href":"https:\/\/teamsters.ca\/fr\/wp-json\/wp\/v2\/media?parent=22982"}],"curies":[{"name":"wp","href":"https:\/\/api.w.org\/{rel}","templated":true}]}}